{"id":2832,"date":"2020-03-27T09:50:05","date_gmt":"2020-03-27T08:50:05","guid":{"rendered":"https:\/\/www.cercledecompetences.org\/?page_id=2832"},"modified":"2020-05-11T15:06:47","modified_gmt":"2020-05-11T13:06:47","slug":"special-support-psy-covid","status":"publish","type":"page","link":"https:\/\/www.cercledecompetences.org\/index.php\/special-support-psy-covid\/","title":{"rendered":"Sp\u00e9cial support psy Covid"},"content":{"rendered":"<p>[et_pb_section fb_built=\u00a0\u00bb1&Prime; _builder_version=\u00a0\u00bb3.23.2&Prime; custom_padding=\u00a0\u00bb0px|0px|0|0px|false|false\u00a0\u00bb][et_pb_row custom_padding=\u00a0\u00bb73px|0px|0|0px|false|false\u00a0\u00bb custom_margin=\u00a0\u00bb|auto||79px||\u00a0\u00bb _builder_version=\u00a0\u00bb3.23.2&Prime; width=\u00a0\u00bb79.3%\u00a0\u00bb][et_pb_column type=\u00a0\u00bb4_4&Prime; _builder_version=\u00a0\u00bb3.19&Prime;][et_pb_text _builder_version=\u00a0\u00bb3.23.2&Prime; text_font=\u00a0\u00bb||||||||\u00a0\u00bb text_font_size=\u00a0\u00bb16px\u00a0\u00bb custom_padding=\u00a0\u00bb31px|||||\u00a0\u00bb]<\/p>\n<h1 style=\"text-align: center;\"><span style=\"color: #e02b20;\"><\/span><span style=\"color: #e02b20;\"> <\/span><span style=\"color: #e02b20;\">Ressources &#8211; Support psy en temps de confinement<br \/> <\/span><\/h1>\n<p>&nbsp;<\/p>\n<p>&nbsp;<\/p>\n<h2><span style=\"color: #ff6600;\">\u00a0Supports <\/span><span style=\"color: #ff6600;\">pour tous (+ vid\u00e9os ci-dessous)<\/span><\/h2>\n<h2><span style=\"color: #ff6600;\">\u00a0<\/span><\/h2>\n<p><span style=\"color: #333333;\">Vous avez besoin d&rsquo;un support psy gratuit, vous pouvez contacter : <a href=\"https:\/\/psysolidaires.org\/\" target=\"_blank\" rel=\"noopener noreferrer\" style=\"color: #333333;\"><span style=\"color: #ff6600;\">https:\/\/psysolidaires.org\/<\/span> <\/a>avec qui le Centre de Comp\u00e9tences collabore.<\/span><\/p>\n<p><span style=\"color: #ff6600;\"><\/span><\/p>\n<p><span style=\"color: #ff6600;\"><\/span><\/p>\n<p><span style=\"color: #ff6600;\"><\/span><\/p>\n<p><span style=\"color: #ff6600;\">DOCS ECRITS<\/span><\/p>\n<p><span style=\"color: #ff6600;\"><\/span><\/p>\n<p><span style=\"color: #ff6600;\"><a href=\"https:\/\/www.cercledecompetences.org\/wp-content\/uploads\/2020\/05\/Guide-pour-les-enseignants-Rentre\u0301e-post-confinement.pdf\" rel=\"attachment wp-att-3017\">Guide pour les enseignants &#8211; Rentre\u0301e post confinement<\/a> <span style=\"color: #808080;\">\u00e9labor\u00e9 par la psychologue Pauline Martin-Chave avec plein d&rsquo;exercices tr\u00e8s concrets.<\/span><br \/> <\/span><\/p>\n<p>L&rsquo;excellente <a href=\"https:\/\/www.cercledecompetences.org\/wp-content\/uploads\/2020\/03\/Fiche-Ressources-et-premiers-secours-e\u0301motionnels.pdf\" rel=\"attachment wp-att-2908\">Fiche Ressources et premiers secours e\u0301motionnels<\/a> <a href=\"s\/2020\/03\/Fiche-ressources-et-premiers-secours-emotionnels.odt\" target=\"_blank\" rel=\"attachment wp-att-2867 noopener noreferrer\"><\/a>de la pyschologue Julie BON<\/p>\n<p>Le guide tr\u00e8s pratique <a href=\"https:\/\/www.cercledecompetences.org\/wp-content\/uploads\/2020\/05\/Boite-a\u0300-outils-soignants-Ge\u0301rer-le-stress-Coronavirus.pdf\" rel=\"attachment wp-att-2977\">Boite a\u0300 outils soignants &#8211; Ge\u0301rer le stress &#8211; Coronavirus<\/a> dePauline Martin-Chave &#8211; (et la traduction en allemand <a href=\"https:\/\/www.cercledecompetences.org\/wp-content\/uploads\/2020\/04\/Caregivers-und-Corona-version-allemande.pdf\" rel=\"attachment wp-att-2970\">ICI)<\/a><\/p>\n<p>La bo\u00eete outils bien compl\u00e8te du <a href=\"http:\/\/centrepierrejanet.univ-lorraine.fr\/ressources\/boite-a-outils\/\">centre Pierre Janet\u00a0<\/a><\/p>\n<p>Et la newsletter de Peppsy avec le <a href=\"https:\/\/youtu.be\/bD31akIEgXI\">Dr Emanuel Contamin<\/a><span style=\"color: #008080; font-size: medium;\">: <a href=\"https:\/\/www.mon-coaching-peppsy.com\/\" target=\"_blank\" rel=\"noopener noreferrer\">https:\/\/www.mon-coaching-peppsy.com\/ <\/a><\/span><\/p>\n<p><span style=\"font-size: small; color: #333333;\">L&rsquo;exercice de<a href=\"https:\/\/www.youtube.com\/watch?v=S9gzV6OazGs&amp;feature=youtu.be&amp;fbclid=IwAR0-EFetQbet5-544HDhuUtilZJ7hRqU-RGKe4K-GNW0N-KIlsX6NtDelRQ\" target=\"_blank\" rel=\"noopener noreferrer\" title=\"Gestion du stress\"> gestion du stress : exercice du lieu s\u00fbr EMDR en 54321 <\/a><\/span><yt-formatted-string force-default-style=\"\" class=\"style-scope ytd-video-primary-info-renderer\" style=\"word-break: break-word;\">avec le <\/yt-formatted-string><span style=\"font-size: small; color: #333333;\">psychologue Nicolas Desbiendras<\/span><span style=\"font-size: medium;\"><\/span><span style=\"color: #008080; font-size: medium;\"><\/span><\/p>\n<p><span style=\"color: #008080; font-size: medium;\"><\/span><\/p>\n<p>&nbsp;<\/p>\n<h2><span style=\"color: #ff6600;\">\u00a0Sp\u00e9cial enfants<br \/> <\/span><\/h2>\n<p><span style=\"color: #ff6600;\"><\/span><\/p>\n<p><a href=\"http:\/\/www.enfance-et-covid.org\/\">\u00a0Un site super complet : http:\/\/www.enfance-et-covid.<wbr \/>org\/<\/a><\/p>\n<p><a href=\"https:\/\/www.cercledecompetences.org\/wp-content\/uploads\/2020\/03\/64c685_7ad9668fc9a24cebaf57e1da4d36dfaa.pdf\" rel=\"attachment wp-att-2862\">Bande dessin\u00e9e pour les enfants sur le co-vid<\/a><\/p>\n<p>Et le livre t\u00e9l\u00e9chargeable gratuitement : <a href=\"https:\/\/www.cercledecompetences.org\/wp-content\/uploads\/2020\/04\/Faire-Famille-au-temps-du-confinement.pdf\" rel=\"attachment wp-att-2968\">Faire Famille au temps du confinement<\/a><\/p>\n<p><a href=\"https:\/\/www.cercledecompetences.org\/wp-content\/uploads\/2020\/03\/Que-faire-des-enfants-en-quarantaine.pdf\" rel=\"attachment wp-att-2863 noopener noreferrer\" target=\"_blank\">Que-faire-des-enfants-en-quarantaine<\/a><\/p>\n<p>&nbsp;<\/p>\n<p>&nbsp;<\/p>\n<h2><span style=\"color: #ff6600;\">Guidelines pour th\u00e9rapeutes<\/span><\/h2>\n<p>&nbsp;<\/p>\n<p>Le<a href=\"https:\/\/www.cercledecompetences.org\/wp-content\/uploads\/2020\/05\/Guide-soutien-aux-e\u0301quipes.pdf\" rel=\"attachment wp-att-2979\">\u00a0Guide soutien aux e\u0301quipe\u00a0<\/a>\u00e9labor\u00e9 \u00e0 partir de l&rsquo;Approche \u00ab\u00a0Centr\u00e9e-Solutions\u00a0\u00bb con\u00e7u par Marie-Christine Cabi\u00e9, Marion Deltell, Jean-Fran\u00e7ois Croissant et Jean-Paul Durand.<\/p>\n<p>Les vid\u00e9os du psychologue Nicolas Desbiendras\u00a0 <a href=\"https:\/\/youtu.be\/odzi-h_s-ow\" target=\"_blank\" rel=\"noopener noreferrer\">Prendre soin de nos soignants<\/a><\/p>\n<p>L&rsquo;excellente<a href=\"s\/2020\/03\/Fiche-ressources-et-premiers-secours-emotionnels.odt\" rel=\"attachment wp-att-2867\"> :<\/a> <a href=\"s\/2020\/03\/Fiche-ressources-et-premiers-secours-emotionnels.odt\" target=\"_blank\" rel=\"attachment wp-att-2867 noopener noreferrer\">Fiche Ressources et premiers secours e\u0301motionnels<\/a> de la pyschologue Julie BON<\/p>\n<p>Le tr\u00e8s pratique <a href=\"https:\/\/www.cercledecompetences.org\/wp-content\/uploads\/2020\/03\/Boite-a\u0300-outils-soignants-Ge\u0301rer-le-stress-Coronavirus.pdf\" rel=\"attachment wp-att-2923\">Boite a\u0300 outils soignants &#8211; Ge\u0301rer le stress &#8211; Coronavirus<\/a> de la psychologue Pauline Martin-Chave<\/p>\n<p>L&rsquo;article de Pat Ogden : <a href=\"https:\/\/www.cercledecompetences.org\/wp-content\/uploads\/2020\/03\/travail-avec-le-corps-en-the\u0301rapie-en-vide\u0301oconfe\u0301rence.pdf\" target=\"_blank\" rel=\"attachment wp-att-2868 noopener noreferrer\">travail avec le corps en the\u0301rapie en vide\u0301oconfe\u0301rence\u00a0<\/a> (traduit par le Dr Emmanuel Contamin)<\/p>\n<p>&nbsp;<\/p>\n<p>&nbsp;<\/p>\n<h2><span style=\"color: #ff6600;\">\u00a0<\/span><\/h2>\n<p><span style=\"color: #ff6600;\"><\/span><\/p>\n<h2><span style=\"color: #ff6600;\">Vid\u00e9os pour tous<br \/> <\/span><\/h2>\n<p><span style=\"color: #ff6600;\"><\/span><\/p>\n<p><span style=\"color: #ff6600;\"><\/span><\/p>\n<p><span style=\"font-size: large;\">H\u00e9l\u00e8ne Dellucci et Laetitia de Schoutheete \u00e9voquent <span style=\"color: #008080;\">5 points importants qui peuvent rendre cette p\u00e9riode de confinement plus facile<\/span><\/span><\/p>\n<p>&nbsp;<\/p>\n<p><iframe loading=\"lazy\" width=\"1080\" height=\"608\" src=\"https:\/\/www.youtube.com\/embed\/KAL2RroPKcc?feature=oembed\" frameborder=\"0\" allow=\"accelerometer; autoplay; encrypted-media; gyroscope; picture-in-picture\" allowfullscreen><\/iframe><\/p>\n<p>&nbsp;<\/p>\n<p><span style=\"font-size: large;\">\u00a0<\/span><\/p>\n<p>&#8212;&#8211;<\/p>\n<p>&nbsp;<\/p>\n<h3><a href=\"https:\/\/www.emilyhawkes.fr\/blog\/\" target=\"_blank\" rel=\"noopener noreferrer\"><span style=\"font-size: large;\">Emilie Haw<\/span><\/a><span style=\"font-size: large;\">kes, une membre de notre \u00e9quipe, nous propose diff\u00e9rents ateliers avec l&rsquo;art th\u00e9rapie \u00e0 faire chez soi<\/span><\/h3>\n<p><span style=\"font-size: large;\"><\/span><\/p>\n<p><span style=\"font-size: large;\">Vous trouverez plein de conseils sur son site perso : https:\/\/www.emilyhawkes.fr\/blog\/<\/span><\/p>\n<p>&nbsp;<\/p>\n<h3 class=\"entry-title\" itemprop=\"headline\"><span style=\"color: #008080;\">Le mandala de mon monde id\u00e9al<br \/> <\/span><\/h3>\n<p><span style=\"color: #008080;\"><a href=\"https:\/\/youtu.be\/KNZKh0U2cP4\">https:\/\/youtu.be\/KNZKh0U2cP4<\/a><\/span><\/p>\n<p><span style=\"color: #008080;\"><\/span><\/p>\n<p><span style=\"color: #008080;\"><\/span><\/p>\n<p><span style=\"color: #008080;\"><\/span><\/p>\n<p><span style=\"color: #008080;\"><\/span><\/p>\n<h3 class=\"entry-title\" itemprop=\"headline\"><span style=\"color: #008080;\">Trousse de secours cr\u00e9ative pour les angoisses et peurs<\/span><\/h3>\n<p>&nbsp;<\/p>\n<p><iframe loading=\"lazy\" width=\"1080\" height=\"608\" src=\"https:\/\/www.youtube.com\/embed\/D_PkvwskpH8?feature=oembed\" frameborder=\"0\" allow=\"accelerometer; autoplay; encrypted-media; gyroscope; picture-in-picture\" allowfullscreen><\/iframe><\/p>\n<p>&nbsp;<\/p>\n<p>&nbsp;<\/p>\n<h3 class=\"entry-title\" itemprop=\"headline\"><span style=\"color: #008080;\">Prendre du recul dans son Journal Cr\u00e9atif lorsqu\u2019on vit une \u00e9preuve<\/span><\/h3>\n<p>&nbsp;<\/p>\n<p><iframe loading=\"lazy\" width=\"1080\" height=\"608\" src=\"https:\/\/www.youtube.com\/embed\/QgiMRDaDE3o?feature=oembed\" frameborder=\"0\" allow=\"accelerometer; autoplay; encrypted-media; gyroscope; picture-in-picture\" allowfullscreen><\/iframe><\/p>\n<p><span style=\"color: #008080;\"><\/span><\/p>\n<p><span style=\"color: #008080;\"><\/span><\/p>\n<p><span style=\"color: #008080;\"><\/span><\/p>\n<p><span style=\"color: #008080;\"><\/span><\/p>\n<p><span style=\"color: #008080;\"><\/span><\/p>\n<h1><span style=\"color: #008080;\"><\/span><\/h1>\n<h1><span style=\"color: #008080;\">Le contenant<\/span><\/h1>\n<p><span style=\"color: #0ba4c6; font-size: large; background-color: #ffffff;\"><\/span><\/p>\n<p><span style=\"color: #0ba4c6; font-size: large; background-color: #ffffff;\">H\u00e9l\u00e8ne Delucci nous explique l&rsquo;exercice du contenant pas \u00e0 pas<\/span><\/p>\n<p>&nbsp;<\/p>\n<div class=\"fluid-width-video-wrapper\" style=\"padding-top: 56.2963%;\"><iframe src=\"https:\/\/www.youtube.com\/embed\/jDB791QH4jw?feature=oembed\" allow=\"accelerometer; autoplay; encrypted-media; gyroscope; picture-in-picture\" allowfullscreen=\"\" id=\"fitvid0\" frameborder=\"0\"><\/iframe><\/div>\n<p><span style=\"font-size: 14px;\">Vous venez peut-\u00eatre de visionner la vid\u00e9o de l\u2019exercice du contenant, un exercice mis au point par Richard Kluft (1998): Au cours de cet exercice, je vous ai propos\u00e9 de laisser aller dans le contenant, entre autres, des craintes dans le futur, des doutes, des incertitudes.<\/span><span style=\"font-size: 14px;\"><\/span><\/p>\n<p class=\"p1\"><span class=\"s1\">Cette d\u00e9marche est possible pour tout ce qui concerne les craintes irrationnelles dans le pr\u00e9sent ou dans le futur. En principe, nous sommes en mesure d\u2019identifier si une crainte est irrationnelle ou r\u00e9elle.\u00a0<\/span><\/p>\n<p class=\"p1\"><span class=\"s1\">Pour les peurs justifi\u00e9es, les craintes r\u00e9elles, les situations de danger, il est n\u00e9cessaire de r\u00e9fl\u00e9chir \u00e0 des strat\u00e9gies de protection, plut\u00f4t que de mettre de c\u00f4t\u00e9 ces peurs. S\u2019il y a un danger, il est n\u00e9cessaire d\u2019engager des mesures suffisantes pour y faire face ad\u00e9quatement, en tenant compte de vos besoins et de vos possibilit\u00e9s.<\/span><\/p>\n<p>&nbsp;<\/p>\n<p class=\"p1\"><span class=\"s1\">Pour conclure ce commentaire, la r\u00e9ponse \u00e0 la question en titre est: Non, toutes les peurs ne sont pas \u00e0 mettre de c\u00f4t\u00e9. Uniquement les craintes irrationnelles.<\/span><\/p>\n<p>&nbsp;<\/p>\n<p class=\"p1\"><span class=\"s1\">Bonne continuation \u00e0 tous. Helene Dellucci<\/span><\/p>\n<p>&nbsp;<\/p>\n<p class=\"p1\"><span class=\"s1\" style=\"font-size: large; color: #0ba4c6;\">Avez-vous d&rsquo;autres questions concernant l&rsquo;exercice du contenant?\u00a0\u00a0<\/span><\/p>\n<p>&nbsp;<\/p>\n<p class=\"p1\"><span class=\"s1\" style=\"font-size: large; color: #0ba4c6;\">9 questions que Laetitia de Schoutheete pose \u00e0 H\u00e9l\u00e8ne Dellucci<\/span><\/p>\n<p>&nbsp;<\/p>\n<p><strong>1. Qu\u2019est ce que je fais quand tout ne veut pas rentrer dans le contenant\u00a0?<\/strong> 0\u00a0:00<\/p>\n<p>&nbsp;<\/p>\n<p><strong>2 . Qu\u2019est ce que je fais quand tout d\u00e9borde\u00a0? Et quand mon contenant est trop petit\u00a0?<\/strong> 1\u00a0:58<\/p>\n<p>&nbsp;<\/p>\n<p><strong>3. Qu\u2019est ce qui peut nous aider quand c\u2019est difficile d\u2019imaginer un contenant\u00a0?<\/strong> 3\u00a0:17<\/p>\n<p>&nbsp;<\/p>\n<p><strong>4. Qu\u2019est ce qu\u2019on fait quand les choses qui sont dans le contenant ne sont pas tranquilles\u00a0?<\/strong> 5\u00a0:20<\/p>\n<p>&nbsp;<\/p>\n<p><iframe loading=\"lazy\" width=\"1080\" height=\"608\" src=\"https:\/\/www.youtube.com\/embed\/-Dv3l57TG0E?feature=oembed\" frameborder=\"0\" allow=\"accelerometer; autoplay; encrypted-media; gyroscope; picture-in-picture\" allowfullscreen><\/iframe><\/p>\n<p>&nbsp;<\/p>\n<p>&#8230;&#8230;&#8230;&#8230;&#8230;&#8230;&#8230;&#8230;&#8230;&#8230;&#8230;&#8230;&#8230;&#8230;&#8230;&#8230;&#8230;&#8230;&#8230;&#8230;&#8230;.<\/p>\n<p>&nbsp;<\/p>\n<p><strong>5. Est ce qu\u2019on peut faire des SBA, des stimulations bilat\u00e9rales altern\u00e9es quand on installe un contenant\u00a0? <\/strong>0\u00a0:00<\/p>\n<p>&nbsp;<\/p>\n<p><strong>6.\u00a0 Je ne veux pas faire l\u2019exercice, je ne sens pas de le faire, qu\u2019est ce que je peux alors faire \u00e0 ce moment l\u00e0\u00a0? <\/strong>1\u00a0:00<\/p>\n<p>&nbsp;<\/p>\n<p><strong>7.\u00a0 J\u2019ai envie de jeter mon contenant, j\u2019ai envie de la placer sur la lune, comment je peux faire\u00a0?<\/strong> 3\u00a0:29<\/p>\n<p>&nbsp;<\/p>\n<p><span style=\"font-size: 14px;\"><strong>8.\u00a0 \u00a0 J\u2019ai envie de mettre le contenant de c\u00f4te et qu\u2019on en parle plus, est ce que c\u2019est possible\u00a0?\u00a0\u00a0<\/strong><\/span><span style=\"font-size: 14px;\">5:40<\/span><\/p>\n<p>&nbsp;<\/p>\n<p><strong>9.\u00a0 Quand est ce qu&rsquo;on proposes\u00a0 l&rsquo;exercice\u00a0du contenant ?<\/strong> 6\u00a0:57<\/p>\n<p>&nbsp;<\/p>\n<p><iframe loading=\"lazy\" width=\"1080\" height=\"608\" src=\"https:\/\/www.youtube.com\/embed\/B33uLStQuEA?feature=oembed\" frameborder=\"0\" allow=\"accelerometer; autoplay; encrypted-media; gyroscope; picture-in-picture\" allowfullscreen><\/iframe><\/p>\n<p>&nbsp;<\/p>\n<p>&nbsp;<\/p>\n<p>&nbsp;<\/p>\n<p>[\/et_pb_text][\/et_pb_column][\/et_pb_row][\/et_pb_section][et_pb_section fb_built=\u00a0\u00bb1&Prime; _builder_version=\u00a0\u00bb3.23.2&Prime; custom_padding=\u00a0\u00bb||0px|||\u00a0\u00bb][\/et_pb_section]<\/p>\n","protected":false},"excerpt":{"rendered":"<p>Ressources &#8211; Support psy en temps de confinement &nbsp; &nbsp; \u00a0Supports pour tous (+ vid\u00e9os ci-dessous) \u00a0 Vous avez besoin d&rsquo;un support psy gratuit, vous pouvez contacter : https:\/\/psysolidaires.org\/ avec qui le Centre de Comp\u00e9tences collabore. DOCS ECRITS Guide pour les enseignants &#8211; Rentre\u0301e post confinement \u00e9labor\u00e9 par la psychologue Pauline Martin-Chave avec plein d&rsquo;exercices [&hellip;]<\/p>\n","protected":false},"author":3,"featured_media":0,"parent":0,"menu_order":0,"comment_status":"closed","ping_status":"closed","template":"","meta":{"_et_pb_use_builder":"on","_et_pb_old_content":"","_et_gb_content_width":"","_glsr_average":0,"_glsr_ranking":0,"_glsr_reviews":0,"footnotes":""},"class_list":["post-2832","page","type-page","status-publish","hentry"],"yoast_head":"<!-- This site is optimized with the Yoast SEO plugin v27.0 - https:\/\/yoast.com\/product\/yoast-seo-wordpress\/ -->\n<title>Sp\u00e9cial support psy Covid - Cercle de comp\u00e9tences<\/title>\n<meta name=\"robots\" content=\"index, follow, max-snippet:-1, max-image-preview:large, max-video-preview:-1\" \/>\n<link rel=\"canonical\" href=\"https:\/\/www.cercledecompetences.org\/index.php\/special-support-psy-covid\/\" \/>\n<meta property=\"og:locale\" content=\"fr_FR\" \/>\n<meta property=\"og:type\" content=\"article\" \/>\n<meta property=\"og:title\" content=\"Sp\u00e9cial support psy Covid - Cercle de comp\u00e9tences\" \/>\n<meta property=\"og:description\" content=\"Ressources - Support psy en temps de confinement &nbsp; &nbsp; \u00a0Supports pour tous (+ vid\u00e9os ci-dessous) \u00a0 Vous avez besoin d&#039;un support psy gratuit, vous pouvez contacter : https:\/\/psysolidaires.org\/ avec qui le Centre de Comp\u00e9tences collabore. DOCS ECRITS Guide pour les enseignants - Rentre\u0301e post confinement \u00e9labor\u00e9 par la psychologue Pauline Martin-Chave avec plein d&#039;exercices [&hellip;]\" \/>\n<meta property=\"og:url\" content=\"https:\/\/www.cercledecompetences.org\/index.php\/special-support-psy-covid\/\" \/>\n<meta property=\"og:site_name\" content=\"Cercle de comp\u00e9tences\" \/>\n<meta property=\"article:publisher\" content=\"https:\/\/www.facebook.com\/cercledecompetences.Bretagne.et.Lyon\/\" \/>\n<meta property=\"article:modified_time\" content=\"2020-05-11T13:06:47+00:00\" \/>\n<meta name=\"twitter:card\" content=\"summary_large_image\" \/>\n<meta name=\"twitter:label1\" content=\"Dur\u00e9e de lecture estim\u00e9e\" \/>\n\t<meta name=\"twitter:data1\" content=\"4 minutes\" \/>\n<script type=\"application\/ld+json\" class=\"yoast-schema-graph\">{\"@context\":\"https:\/\/schema.org\",\"@graph\":[{\"@type\":\"WebPage\",\"@id\":\"https:\/\/www.cercledecompetences.org\/index.php\/special-support-psy-covid\/\",\"url\":\"https:\/\/www.cercledecompetences.org\/index.php\/special-support-psy-covid\/\",\"name\":\"Sp\u00e9cial support psy Covid - Cercle de comp\u00e9tences\",\"isPartOf\":{\"@id\":\"https:\/\/www.cercledecompetences.org\/#website\"},\"datePublished\":\"2020-03-27T08:50:05+00:00\",\"dateModified\":\"2020-05-11T13:06:47+00:00\",\"breadcrumb\":{\"@id\":\"https:\/\/www.cercledecompetences.org\/index.php\/special-support-psy-covid\/#breadcrumb\"},\"inLanguage\":\"fr-FR\",\"potentialAction\":[{\"@type\":\"ReadAction\",\"target\":[\"https:\/\/www.cercledecompetences.org\/index.php\/special-support-psy-covid\/\"]}]},{\"@type\":\"BreadcrumbList\",\"@id\":\"https:\/\/www.cercledecompetences.org\/index.php\/special-support-psy-covid\/#breadcrumb\",\"itemListElement\":[{\"@type\":\"ListItem\",\"position\":1,\"name\":\"Accueil\",\"item\":\"https:\/\/www.cercledecompetences.org\/\"},{\"@type\":\"ListItem\",\"position\":2,\"name\":\"Sp\u00e9cial support psy Covid\"}]},{\"@type\":\"WebSite\",\"@id\":\"https:\/\/www.cercledecompetences.org\/#website\",\"url\":\"https:\/\/www.cercledecompetences.org\/\",\"name\":\"Cercle de comp\u00e9tences\",\"description\":\"Organisme de formation associatif\",\"publisher\":{\"@id\":\"https:\/\/www.cercledecompetences.org\/#organization\"},\"potentialAction\":[{\"@type\":\"SearchAction\",\"target\":{\"@type\":\"EntryPoint\",\"urlTemplate\":\"https:\/\/www.cercledecompetences.org\/?s={search_term_string}\"},\"query-input\":{\"@type\":\"PropertyValueSpecification\",\"valueRequired\":true,\"valueName\":\"search_term_string\"}}],\"inLanguage\":\"fr-FR\"},{\"@type\":\"Organization\",\"@id\":\"https:\/\/www.cercledecompetences.org\/#organization\",\"name\":\"Cercle de comp\u00e9tences\",\"url\":\"https:\/\/www.cercledecompetences.org\/\",\"logo\":{\"@type\":\"ImageObject\",\"inLanguage\":\"fr-FR\",\"@id\":\"https:\/\/www.cercledecompetences.org\/#\/schema\/logo\/image\/\",\"url\":\"https:\/\/www.cercledecompetences.org\/wp-content\/uploads\/2019\/01\/logo-rond.gif\",\"contentUrl\":\"https:\/\/www.cercledecompetences.org\/wp-content\/uploads\/2019\/01\/logo-rond.gif\",\"width\":863,\"height\":1137,\"caption\":\"Cercle de comp\u00e9tences\"},\"image\":{\"@id\":\"https:\/\/www.cercledecompetences.org\/#\/schema\/logo\/image\/\"},\"sameAs\":[\"https:\/\/www.facebook.com\/cercledecompetences.Bretagne.et.Lyon\/\",\"https:\/\/www.linkedin.com\/company\/cercle-de-competences\/\"]}]}<\/script>\n<!-- \/ Yoast SEO plugin. -->","yoast_head_json":{"title":"Sp\u00e9cial support psy Covid - Cercle de comp\u00e9tences","robots":{"index":"index","follow":"follow","max-snippet":"max-snippet:-1","max-image-preview":"max-image-preview:large","max-video-preview":"max-video-preview:-1"},"canonical":"https:\/\/www.cercledecompetences.org\/index.php\/special-support-psy-covid\/","og_locale":"fr_FR","og_type":"article","og_title":"Sp\u00e9cial support psy Covid - Cercle de comp\u00e9tences","og_description":"Ressources - Support psy en temps de confinement &nbsp; &nbsp; \u00a0Supports pour tous (+ vid\u00e9os ci-dessous) \u00a0 Vous avez besoin d'un support psy gratuit, vous pouvez contacter : https:\/\/psysolidaires.org\/ avec qui le Centre de Comp\u00e9tences collabore. DOCS ECRITS Guide pour les enseignants - Rentre\u0301e post confinement \u00e9labor\u00e9 par la psychologue Pauline Martin-Chave avec plein d'exercices [&hellip;]","og_url":"https:\/\/www.cercledecompetences.org\/index.php\/special-support-psy-covid\/","og_site_name":"Cercle de comp\u00e9tences","article_publisher":"https:\/\/www.facebook.com\/cercledecompetences.Bretagne.et.Lyon\/","article_modified_time":"2020-05-11T13:06:47+00:00","twitter_card":"summary_large_image","twitter_misc":{"Dur\u00e9e de lecture estim\u00e9e":"4 minutes"},"schema":{"@context":"https:\/\/schema.org","@graph":[{"@type":"WebPage","@id":"https:\/\/www.cercledecompetences.org\/index.php\/special-support-psy-covid\/","url":"https:\/\/www.cercledecompetences.org\/index.php\/special-support-psy-covid\/","name":"Sp\u00e9cial support psy Covid - Cercle de comp\u00e9tences","isPartOf":{"@id":"https:\/\/www.cercledecompetences.org\/#website"},"datePublished":"2020-03-27T08:50:05+00:00","dateModified":"2020-05-11T13:06:47+00:00","breadcrumb":{"@id":"https:\/\/www.cercledecompetences.org\/index.php\/special-support-psy-covid\/#breadcrumb"},"inLanguage":"fr-FR","potentialAction":[{"@type":"ReadAction","target":["https:\/\/www.cercledecompetences.org\/index.php\/special-support-psy-covid\/"]}]},{"@type":"BreadcrumbList","@id":"https:\/\/www.cercledecompetences.org\/index.php\/special-support-psy-covid\/#breadcrumb","itemListElement":[{"@type":"ListItem","position":1,"name":"Accueil","item":"https:\/\/www.cercledecompetences.org\/"},{"@type":"ListItem","position":2,"name":"Sp\u00e9cial support psy Covid"}]},{"@type":"WebSite","@id":"https:\/\/www.cercledecompetences.org\/#website","url":"https:\/\/www.cercledecompetences.org\/","name":"Cercle de comp\u00e9tences","description":"Organisme de formation associatif","publisher":{"@id":"https:\/\/www.cercledecompetences.org\/#organization"},"potentialAction":[{"@type":"SearchAction","target":{"@type":"EntryPoint","urlTemplate":"https:\/\/www.cercledecompetences.org\/?s={search_term_string}"},"query-input":{"@type":"PropertyValueSpecification","valueRequired":true,"valueName":"search_term_string"}}],"inLanguage":"fr-FR"},{"@type":"Organization","@id":"https:\/\/www.cercledecompetences.org\/#organization","name":"Cercle de comp\u00e9tences","url":"https:\/\/www.cercledecompetences.org\/","logo":{"@type":"ImageObject","inLanguage":"fr-FR","@id":"https:\/\/www.cercledecompetences.org\/#\/schema\/logo\/image\/","url":"https:\/\/www.cercledecompetences.org\/wp-content\/uploads\/2019\/01\/logo-rond.gif","contentUrl":"https:\/\/www.cercledecompetences.org\/wp-content\/uploads\/2019\/01\/logo-rond.gif","width":863,"height":1137,"caption":"Cercle de comp\u00e9tences"},"image":{"@id":"https:\/\/www.cercledecompetences.org\/#\/schema\/logo\/image\/"},"sameAs":["https:\/\/www.facebook.com\/cercledecompetences.Bretagne.et.Lyon\/","https:\/\/www.linkedin.com\/company\/cercle-de-competences\/"]}]}},"_links":{"self":[{"href":"https:\/\/www.cercledecompetences.org\/index.php\/wp-json\/wp\/v2\/pages\/2832","targetHints":{"allow":["GET"]}}],"collection":[{"href":"https:\/\/www.cercledecompetences.org\/index.php\/wp-json\/wp\/v2\/pages"}],"about":[{"href":"https:\/\/www.cercledecompetences.org\/index.php\/wp-json\/wp\/v2\/types\/page"}],"author":[{"embeddable":true,"href":"https:\/\/www.cercledecompetences.org\/index.php\/wp-json\/wp\/v2\/users\/3"}],"replies":[{"embeddable":true,"href":"https:\/\/www.cercledecompetences.org\/index.php\/wp-json\/wp\/v2\/comments?post=2832"}],"version-history":[{"count":33,"href":"https:\/\/www.cercledecompetences.org\/index.php\/wp-json\/wp\/v2\/pages\/2832\/revisions"}],"predecessor-version":[{"id":3018,"href":"https:\/\/www.cercledecompetences.org\/index.php\/wp-json\/wp\/v2\/pages\/2832\/revisions\/3018"}],"wp:attachment":[{"href":"https:\/\/www.cercledecompetences.org\/index.php\/wp-json\/wp\/v2\/media?parent=2832"}],"curies":[{"name":"wp","href":"https:\/\/api.w.org\/{rel}","templated":true}]}}