{"id":6537,"date":"2023-02-08T09:30:23","date_gmt":"2023-02-08T08:30:23","guid":{"rendered":"https:\/\/www.cercledecompetences.org\/?page_id=6537"},"modified":"2023-02-09T06:23:21","modified_gmt":"2023-02-09T05:23:21","slug":"inscription-tarif-reduit","status":"publish","type":"page","link":"https:\/\/www.cercledecompetences.org\/index.php\/inscription-tarif-reduit\/","title":{"rendered":"Inscription tarif r\u00e9duit"},"content":{"rendered":"<p>[et_pb_section fb_built=\u00a0\u00bb1&Prime; _builder_version=\u00a0\u00bb4.19.4&Prime; _module_preset=\u00a0\u00bbdefault\u00a0\u00bb background_color=\u00a0\u00bb#074B5F\u00a0\u00bb global_colors_info=\u00a0\u00bb{}\u00a0\u00bb][et_pb_row _builder_version=\u00a0\u00bb4.19.4&Prime; _module_preset=\u00a0\u00bbdefault\u00a0\u00bb global_colors_info=\u00a0\u00bb{}\u00a0\u00bb][et_pb_column type=\u00a0\u00bb4_4&Prime; _builder_version=\u00a0\u00bb4.19.4&Prime; _module_preset=\u00a0\u00bbdefault\u00a0\u00bb global_colors_info=\u00a0\u00bb{}\u00a0\u00bb][et_pb_text _builder_version=\u00a0\u00bb4.19.4&Prime; _module_preset=\u00a0\u00bbdefault\u00a0\u00bb header_text_color=\u00a0\u00bb#FFFFFF\u00a0\u00bb global_colors_info=\u00a0\u00bb{}\u00a0\u00bb]<\/p>\n<h1 style=\"text-align: center;\">DEMANDE DE TARIF R\u00c9DUIT<\/h1>\n<p>[\/et_pb_text][et_pb_text _builder_version=\u00a0\u00bb4.19.4&Prime; _module_preset=\u00a0\u00bbdefault\u00a0\u00bb text_text_color=\u00a0\u00bb#FFFFFF\u00a0\u00bb text_font_size=\u00a0\u00bb17px\u00a0\u00bb global_colors_info=\u00a0\u00bb{}\u00a0\u00bb]<\/p>\n<p style=\"text-align: center;\"><span class=\"im\"> L&rsquo;acc\u00e8s au tarif r\u00e9duit est valid\u00e9 par une commission interne sur pr\u00e9sentation de la premi\u00e8re page du dernier avis d&rsquo;imposition pour connaitre le revenu fiscal de r\u00e9f\u00e9rence et le nombre de parts du foyer fiscal.<\/span><\/p>\n<p>[\/et_pb_text][\/et_pb_column][\/et_pb_row][\/et_pb_section][et_pb_section fb_built=\u00a0\u00bb1&Prime; _builder_version=\u00a0\u00bb4.19.4&Prime; _module_preset=\u00a0\u00bbdefault\u00a0\u00bb global_colors_info=\u00a0\u00bb{}\u00a0\u00bb][et_pb_row _builder_version=\u00a0\u00bb4.19.4&Prime; _module_preset=\u00a0\u00bbdefault\u00a0\u00bb global_colors_info=\u00a0\u00bb{}\u00a0\u00bb][et_pb_column type=\u00a0\u00bb4_4&Prime; _builder_version=\u00a0\u00bb4.19.4&Prime; _module_preset=\u00a0\u00bbdefault\u00a0\u00bb global_colors_info=\u00a0\u00bb{}\u00a0\u00bb][et_pb_text _builder_version=\u00a0\u00bb4.19.4&Prime; _module_preset=\u00a0\u00bbdefault\u00a0\u00bb global_colors_info=\u00a0\u00bb{}\u00a0\u00bb]<\/p>\n<p style=\"text-align: center;\"><span class=\"im\">Pour faire une demande de tarif r\u00e9duit merci d&rsquo;adresser un mail \u00e0 :<br \/><a href=\"mailto:suivi.formations@cercledecomp%C3%A9tences.org\" target=\"_blank\" rel=\"noopener\"><\/a><\/span><span class=\"im\"><a href=\"mailto:suivi.formations@cercledecomp%C3%A9tences.org\" target=\"_blank\" rel=\"noopener\">suivi.formations@cercledecomp\u00e9<wbr \/>tences.org<\/a> <\/span><\/p>\n<p style=\"text-align: center;\"><span class=\"im\"><strong>En indiquant :<\/strong><br \/>&#8211; La formation que vous souhaitez suivre<br \/>&#8211; Les dates de session<br \/>&#8211; Votre nom, pr\u00e9nom<\/span><\/p>\n<p style=\"text-align: center;\"><strong>Joignez le scan de la premi\u00e8re page de votre dernier avis d&rsquo;imposition<\/strong>,<br \/>et expliquez nous pourquoi vous demandez de b\u00e9n\u00e9ficier du tarif r\u00e9duit.<\/p>\n<p>[\/et_pb_text][\/et_pb_column][\/et_pb_row][\/et_pb_section]<\/p>\n","protected":false},"excerpt":{"rendered":"<p>DEMANDE DE TARIF R\u00c9DUIT L&rsquo;acc\u00e8s au tarif r\u00e9duit est valid\u00e9 par une commission interne sur pr\u00e9sentation de la premi\u00e8re page du dernier avis d&rsquo;imposition pour connaitre le revenu fiscal de r\u00e9f\u00e9rence et le nombre de parts du foyer fiscal.Pour faire une demande de tarif r\u00e9duit merci d&rsquo;adresser un mail \u00e0 :suivi.formations@cercledecomp\u00e9tences.org En indiquant :- La [&hellip;]<\/p>\n","protected":false},"author":3,"featured_media":0,"parent":0,"menu_order":0,"comment_status":"closed","ping_status":"closed","template":"","meta":{"_et_pb_use_builder":"on","_et_pb_old_content":"<!-- wp:divi\/placeholder \/-->","_et_gb_content_width":"","_glsr_average":0,"_glsr_ranking":0,"_glsr_reviews":0,"footnotes":""},"class_list":["post-6537","page","type-page","status-publish","hentry"],"yoast_head":"<!-- This site is optimized with the Yoast SEO plugin v27.0 - https:\/\/yoast.com\/product\/yoast-seo-wordpress\/ -->\n<title>Inscription tarif r\u00e9duit - Cercle de comp\u00e9tences<\/title>\n<meta name=\"robots\" content=\"index, follow, max-snippet:-1, max-image-preview:large, max-video-preview:-1\" \/>\n<link rel=\"canonical\" href=\"https:\/\/www.cercledecompetences.org\/index.php\/inscription-tarif-reduit\/\" \/>\n<meta property=\"og:locale\" content=\"fr_FR\" \/>\n<meta property=\"og:type\" content=\"article\" \/>\n<meta property=\"og:title\" content=\"Inscription tarif r\u00e9duit - Cercle de comp\u00e9tences\" \/>\n<meta property=\"og:description\" content=\"DEMANDE DE TARIF R\u00c9DUIT L&#039;acc\u00e8s au tarif r\u00e9duit est valid\u00e9 par une commission interne sur pr\u00e9sentation de la premi\u00e8re page du dernier avis d&#039;imposition pour connaitre le revenu fiscal de r\u00e9f\u00e9rence et le nombre de parts du foyer fiscal.Pour faire une demande de tarif r\u00e9duit merci d&#039;adresser un mail \u00e0 :suivi.formations@cercledecomp\u00e9tences.org En indiquant :- La [&hellip;]\" \/>\n<meta property=\"og:url\" content=\"https:\/\/www.cercledecompetences.org\/index.php\/inscription-tarif-reduit\/\" \/>\n<meta property=\"og:site_name\" content=\"Cercle de comp\u00e9tences\" \/>\n<meta property=\"article:publisher\" content=\"https:\/\/www.facebook.com\/cercledecompetences.Bretagne.et.Lyon\/\" \/>\n<meta property=\"article:modified_time\" content=\"2023-02-09T05:23:21+00:00\" \/>\n<meta name=\"twitter:card\" content=\"summary_large_image\" \/>\n<meta name=\"twitter:label1\" content=\"Dur\u00e9e de lecture estim\u00e9e\" \/>\n\t<meta name=\"twitter:data1\" content=\"1 minute\" \/>\n<script type=\"application\/ld+json\" class=\"yoast-schema-graph\">{\"@context\":\"https:\/\/schema.org\",\"@graph\":[{\"@type\":\"WebPage\",\"@id\":\"https:\/\/www.cercledecompetences.org\/index.php\/inscription-tarif-reduit\/\",\"url\":\"https:\/\/www.cercledecompetences.org\/index.php\/inscription-tarif-reduit\/\",\"name\":\"Inscription tarif r\u00e9duit - Cercle de comp\u00e9tences\",\"isPartOf\":{\"@id\":\"https:\/\/www.cercledecompetences.org\/#website\"},\"datePublished\":\"2023-02-08T08:30:23+00:00\",\"dateModified\":\"2023-02-09T05:23:21+00:00\",\"breadcrumb\":{\"@id\":\"https:\/\/www.cercledecompetences.org\/index.php\/inscription-tarif-reduit\/#breadcrumb\"},\"inLanguage\":\"fr-FR\",\"potentialAction\":[{\"@type\":\"ReadAction\",\"target\":[\"https:\/\/www.cercledecompetences.org\/index.php\/inscription-tarif-reduit\/\"]}]},{\"@type\":\"BreadcrumbList\",\"@id\":\"https:\/\/www.cercledecompetences.org\/index.php\/inscription-tarif-reduit\/#breadcrumb\",\"itemListElement\":[{\"@type\":\"ListItem\",\"position\":1,\"name\":\"Accueil\",\"item\":\"https:\/\/www.cercledecompetences.org\/\"},{\"@type\":\"ListItem\",\"position\":2,\"name\":\"Inscription tarif r\u00e9duit\"}]},{\"@type\":\"WebSite\",\"@id\":\"https:\/\/www.cercledecompetences.org\/#website\",\"url\":\"https:\/\/www.cercledecompetences.org\/\",\"name\":\"Cercle de comp\u00e9tences\",\"description\":\"Organisme de formation associatif\",\"publisher\":{\"@id\":\"https:\/\/www.cercledecompetences.org\/#organization\"},\"potentialAction\":[{\"@type\":\"SearchAction\",\"target\":{\"@type\":\"EntryPoint\",\"urlTemplate\":\"https:\/\/www.cercledecompetences.org\/?s={search_term_string}\"},\"query-input\":{\"@type\":\"PropertyValueSpecification\",\"valueRequired\":true,\"valueName\":\"search_term_string\"}}],\"inLanguage\":\"fr-FR\"},{\"@type\":\"Organization\",\"@id\":\"https:\/\/www.cercledecompetences.org\/#organization\",\"name\":\"Cercle de comp\u00e9tences\",\"url\":\"https:\/\/www.cercledecompetences.org\/\",\"logo\":{\"@type\":\"ImageObject\",\"inLanguage\":\"fr-FR\",\"@id\":\"https:\/\/www.cercledecompetences.org\/#\/schema\/logo\/image\/\",\"url\":\"https:\/\/www.cercledecompetences.org\/wp-content\/uploads\/2019\/01\/logo-rond.gif\",\"contentUrl\":\"https:\/\/www.cercledecompetences.org\/wp-content\/uploads\/2019\/01\/logo-rond.gif\",\"width\":863,\"height\":1137,\"caption\":\"Cercle de comp\u00e9tences\"},\"image\":{\"@id\":\"https:\/\/www.cercledecompetences.org\/#\/schema\/logo\/image\/\"},\"sameAs\":[\"https:\/\/www.facebook.com\/cercledecompetences.Bretagne.et.Lyon\/\",\"https:\/\/www.linkedin.com\/company\/cercle-de-competences\/\"]}]}<\/script>\n<!-- \/ Yoast SEO plugin. -->","yoast_head_json":{"title":"Inscription tarif r\u00e9duit - Cercle de comp\u00e9tences","robots":{"index":"index","follow":"follow","max-snippet":"max-snippet:-1","max-image-preview":"max-image-preview:large","max-video-preview":"max-video-preview:-1"},"canonical":"https:\/\/www.cercledecompetences.org\/index.php\/inscription-tarif-reduit\/","og_locale":"fr_FR","og_type":"article","og_title":"Inscription tarif r\u00e9duit - Cercle de comp\u00e9tences","og_description":"DEMANDE DE TARIF R\u00c9DUIT L'acc\u00e8s au tarif r\u00e9duit est valid\u00e9 par une commission interne sur pr\u00e9sentation de la premi\u00e8re page du dernier avis d'imposition pour connaitre le revenu fiscal de r\u00e9f\u00e9rence et le nombre de parts du foyer fiscal.Pour faire une demande de tarif r\u00e9duit merci d'adresser un mail \u00e0 :suivi.formations@cercledecomp\u00e9tences.org En indiquant :- La [&hellip;]","og_url":"https:\/\/www.cercledecompetences.org\/index.php\/inscription-tarif-reduit\/","og_site_name":"Cercle de comp\u00e9tences","article_publisher":"https:\/\/www.facebook.com\/cercledecompetences.Bretagne.et.Lyon\/","article_modified_time":"2023-02-09T05:23:21+00:00","twitter_card":"summary_large_image","twitter_misc":{"Dur\u00e9e de lecture estim\u00e9e":"1 minute"},"schema":{"@context":"https:\/\/schema.org","@graph":[{"@type":"WebPage","@id":"https:\/\/www.cercledecompetences.org\/index.php\/inscription-tarif-reduit\/","url":"https:\/\/www.cercledecompetences.org\/index.php\/inscription-tarif-reduit\/","name":"Inscription tarif r\u00e9duit - Cercle de comp\u00e9tences","isPartOf":{"@id":"https:\/\/www.cercledecompetences.org\/#website"},"datePublished":"2023-02-08T08:30:23+00:00","dateModified":"2023-02-09T05:23:21+00:00","breadcrumb":{"@id":"https:\/\/www.cercledecompetences.org\/index.php\/inscription-tarif-reduit\/#breadcrumb"},"inLanguage":"fr-FR","potentialAction":[{"@type":"ReadAction","target":["https:\/\/www.cercledecompetences.org\/index.php\/inscription-tarif-reduit\/"]}]},{"@type":"BreadcrumbList","@id":"https:\/\/www.cercledecompetences.org\/index.php\/inscription-tarif-reduit\/#breadcrumb","itemListElement":[{"@type":"ListItem","position":1,"name":"Accueil","item":"https:\/\/www.cercledecompetences.org\/"},{"@type":"ListItem","position":2,"name":"Inscription tarif r\u00e9duit"}]},{"@type":"WebSite","@id":"https:\/\/www.cercledecompetences.org\/#website","url":"https:\/\/www.cercledecompetences.org\/","name":"Cercle de comp\u00e9tences","description":"Organisme de formation associatif","publisher":{"@id":"https:\/\/www.cercledecompetences.org\/#organization"},"potentialAction":[{"@type":"SearchAction","target":{"@type":"EntryPoint","urlTemplate":"https:\/\/www.cercledecompetences.org\/?s={search_term_string}"},"query-input":{"@type":"PropertyValueSpecification","valueRequired":true,"valueName":"search_term_string"}}],"inLanguage":"fr-FR"},{"@type":"Organization","@id":"https:\/\/www.cercledecompetences.org\/#organization","name":"Cercle de comp\u00e9tences","url":"https:\/\/www.cercledecompetences.org\/","logo":{"@type":"ImageObject","inLanguage":"fr-FR","@id":"https:\/\/www.cercledecompetences.org\/#\/schema\/logo\/image\/","url":"https:\/\/www.cercledecompetences.org\/wp-content\/uploads\/2019\/01\/logo-rond.gif","contentUrl":"https:\/\/www.cercledecompetences.org\/wp-content\/uploads\/2019\/01\/logo-rond.gif","width":863,"height":1137,"caption":"Cercle de comp\u00e9tences"},"image":{"@id":"https:\/\/www.cercledecompetences.org\/#\/schema\/logo\/image\/"},"sameAs":["https:\/\/www.facebook.com\/cercledecompetences.Bretagne.et.Lyon\/","https:\/\/www.linkedin.com\/company\/cercle-de-competences\/"]}]}},"_links":{"self":[{"href":"https:\/\/www.cercledecompetences.org\/index.php\/wp-json\/wp\/v2\/pages\/6537","targetHints":{"allow":["GET"]}}],"collection":[{"href":"https:\/\/www.cercledecompetences.org\/index.php\/wp-json\/wp\/v2\/pages"}],"about":[{"href":"https:\/\/www.cercledecompetences.org\/index.php\/wp-json\/wp\/v2\/types\/page"}],"author":[{"embeddable":true,"href":"https:\/\/www.cercledecompetences.org\/index.php\/wp-json\/wp\/v2\/users\/3"}],"replies":[{"embeddable":true,"href":"https:\/\/www.cercledecompetences.org\/index.php\/wp-json\/wp\/v2\/comments?post=6537"}],"version-history":[{"count":4,"href":"https:\/\/www.cercledecompetences.org\/index.php\/wp-json\/wp\/v2\/pages\/6537\/revisions"}],"predecessor-version":[{"id":6557,"href":"https:\/\/www.cercledecompetences.org\/index.php\/wp-json\/wp\/v2\/pages\/6537\/revisions\/6557"}],"wp:attachment":[{"href":"https:\/\/www.cercledecompetences.org\/index.php\/wp-json\/wp\/v2\/media?parent=6537"}],"curies":[{"name":"wp","href":"https:\/\/api.w.org\/{rel}","templated":true}]}}