{"id":80,"date":"2019-01-08T16:12:55","date_gmt":"2019-01-08T15:12:55","guid":{"rendered":"https:\/\/www.cercledecompetences.org\/?page_id=80"},"modified":"2022-03-18T23:21:42","modified_gmt":"2022-03-18T22:21:42","slug":"formations-en-bretagne","status":"publish","type":"page","link":"https:\/\/www.cercledecompetences.org\/index.php\/formations-en-bretagne\/","title":{"rendered":"Formations en Bretagne"},"content":{"rendered":"<p>[et_pb_section fb_built=\u00a0\u00bb1&Prime; _builder_version=\u00a0\u00bb3.22&Prime;][et_pb_row _builder_version=\u00a0\u00bb3.25&Prime;][et_pb_column type=\u00a0\u00bb4_4&Prime; _builder_version=\u00a0\u00bb3.25&Prime; custom_padding=\u00a0\u00bb|||\u00a0\u00bb custom_padding__hover=\u00a0\u00bb|||\u00a0\u00bb][et_pb_text _builder_version=\u00a0\u00bb3.27.4&Prime;]<\/p>\n<h1><span size=\"5\" style=\"font-size: x-large;\"><span style=\"color: #003366;\">Formations en Bretagne<\/span>\u00a0<\/span><\/h1>\n<p><span style=\"font-size: x-large;\"><\/span><\/p>\n<p><span style=\"font-size: x-large;\"><\/span><\/p>\n<p class=\"font_8\"><span><span class=\"color_15\"><span class=\"CSS1Compat\"><\/span><\/span><\/span><\/p>\n<h3 class=\"font_8\">Le Cercle de comp\u00e9tences propose ses formations dans diff\u00e9rentes villes de\u00a0<strong>Bretagne<\/strong><\/h3>\n<p><strong><\/strong><\/p>\n<p><strong><\/strong><\/p>\n<p><strong><\/strong><\/p>\n<p><strong><\/strong><\/p>\n<h3 class=\"font_8\">Pour les <span style=\"color: #993300;\">inscriptions \u00e0 nos formations ou des demandes de supervision et de formations sur mesure<\/span><\/h3>\n<p class=\"font_8\"><span style=\"color: #333333;\">Vous pouvez contacter, la responsable de notre centre en Bretagne :\u00a0<\/span><\/p>\n<p class=\"font_8\"><strong>C\u00e9cile Bertrand &lt;cecile.bertrand.bzh@gmail.com&gt;<\/strong><\/p>\n<p class=\"font_8\"><span><span class=\"color_15\"><span class=\"CSS1Compat\"><\/span><\/span><\/span><\/p>\n<p><strong><\/strong><\/p>\n<p>[\/et_pb_text][et_pb_text _builder_version=\u00a0\u00bb3.27.4&Prime;]<\/p>\n<h3 data-mesh-internal=\"true\"><span style=\"color: #ff0000;\">Un projet de th\u00e9rapie familiale pour tous \u2013 Bretagne<\/span><\/h3>\n<div class=\"page\" title=\"Page 2\">\n<div class=\"layoutArea\">\n<div class=\"column\">\n<p><span>Des the\u0301rapeutes du Cercle de Comp\u00e9tences, forme\u0301s a\u0300 la the\u0301rapie syste\u0301mique familiale, re\u00e7oivent en co- consultation des familles en difficult\u00e9s \u00e0 des prix adapt\u00e9s \u00e0 leurs revenus. Ces th\u00e9rapeutes proposent<\/span><span>\u00a0des supports cre\u0301atifs et ludiques pour activer une dynamique relationnelle diffe\u0301rente dans la famille.<\/span><\/p>\n<p>Ce pojet a un vaste succ\u00e8s et beaucoup de familles sont heureuses de pouvoir y participer.<\/p>\n<\/div>\n<\/div>\n<\/div>\n<p data-mesh-internal=\"true\"><span><\/span><\/p>\n<p data-mesh-internal=\"true\"><span><\/span><\/p>\n<p data-mesh-internal=\"true\"><span><img loading=\"lazy\" decoding=\"async\" src=\"https:\/\/www.cercledecompetences.org\/wp-content\/uploads\/2019\/02\/Capture-d%E2%80%99e%CC%81cran-2019-02-07-a%CC%80-11.57.30.png\" width=\"331\" height=\"220\" alt=\"\" class=\"wp-image-771 alignnone size-full\" \/><\/span><\/p>\n<p data-mesh-internal=\"true\"><span><\/span><\/p>\n<p data-mesh-internal=\"true\"><span><a href=\"https:\/\/www.cercledecompetences.org\/wp-content\/uploads\/2019\/02\/Plaquette-CdC-Th%C3%A9rapie-familiale-pour-tous-Avril-2018.pdf\" rel=\"attachment wp-att-778\">Plaquette CdC Th\u00e9rapie familiale pour tous Avril 2018<\/a><\/span><\/p>\n<p>[\/et_pb_text][et_pb_text _builder_version=\u00a0\u00bb3.27.4&Prime;]<\/p>\n<h3><\/h3>\n<h4><strong>Nous contacter<\/strong><\/h4>\n<table width=\"100%\">\n<tbody>\n<tr>\n<td>\n<p>Cercle de Comp\u00e9tences<\/p>\n<p>Impasse Paul Emile Victor, B\u00e2t. C Appartement 3, 22520 BINIC-ETABLES SUR MER<\/p>\n<p>Tel\u00a0: 06 61 18 31 28<\/p>\n<\/td>\n<\/tr>\n<\/tbody>\n<\/table>\n<p>BINIC\u00a0: 15 minutes en bus (TUB) de la gare SNCF de SAINT-BRIEUC (TGV-LGV\u00a0: 2h15 de Paris)<\/p>\n<p>[\/et_pb_text][\/et_pb_column][\/et_pb_row][et_pb_row _builder_version=\u00a0\u00bb3.25&Prime; column_structure=\u00a0\u00bb1_2,1_2&Prime;][et_pb_column type=\u00a0\u00bb1_2&Prime; _builder_version=\u00a0\u00bb3.25&Prime; custom_padding=\u00a0\u00bb|||\u00a0\u00bb custom_padding__hover=\u00a0\u00bb|||\u00a0\u00bb][et_pb_image src=\u00a0\u00bbhttps:\/\/www.cercledecompetences.org\/wp-content\/uploads\/2019\/02\/Capture-d\u2019e\u0301cran-2019-02-06-a\u0300-07.30.47-2.png\u00a0\u00bb align_tablet=\u00a0\u00bbcenter\u00a0\u00bb align_last_edited=\u00a0\u00bbon|desktop\u00a0\u00bb _builder_version=\u00a0\u00bb3.23&Prime;][\/et_pb_image][et_pb_text _builder_version=\u00a0\u00bb3.27.4&Prime;]<\/p>\n<h3><\/h3>\n<h3><\/h3>\n<h3><\/h3>\n<p>&nbsp;<\/p>\n<p>[\/et_pb_text][\/et_pb_column][et_pb_column type=\u00a0\u00bb1_2&Prime; _builder_version=\u00a0\u00bb3.25&Prime; custom_padding=\u00a0\u00bb|||\u00a0\u00bb custom_padding__hover=\u00a0\u00bb|||\u00a0\u00bb][et_pb_image src=\u00a0\u00bbhttps:\/\/www.cercledecompetences.org\/wp-content\/uploads\/2019\/02\/Capture-d\u2019e\u0301cran-2019-02-06-a\u0300-07.28.20-1.png\u00a0\u00bb align_tablet=\u00a0\u00bbcenter\u00a0\u00bb align_last_edited=\u00a0\u00bbon|desktop\u00a0\u00bb _builder_version=\u00a0\u00bb3.23&Prime;][\/et_pb_image][\/et_pb_column][\/et_pb_row][\/et_pb_section]<\/p>\n","protected":false},"excerpt":{"rendered":"<p>Formations en Bretagne\u00a0 Le Cercle de comp\u00e9tences propose ses formations dans diff\u00e9rentes villes de\u00a0Bretagne Pour les inscriptions \u00e0 nos formations ou des demandes de supervision et de formations sur mesure Vous pouvez contacter, la responsable de notre centre en Bretagne :\u00a0 C\u00e9cile Bertrand &lt;cecile.bertrand.bzh@gmail.com&gt; Un projet de th\u00e9rapie familiale pour tous \u2013 Bretagne Des the\u0301rapeutes [&hellip;]<\/p>\n","protected":false},"author":3,"featured_media":0,"parent":0,"menu_order":0,"comment_status":"closed","ping_status":"closed","template":"","meta":{"_et_pb_use_builder":"on","_et_pb_old_content":"<!-- wp:divi\/placeholder \/-->","_et_gb_content_width":"","_glsr_average":0,"_glsr_ranking":0,"_glsr_reviews":0,"footnotes":""},"class_list":["post-80","page","type-page","status-publish","hentry"],"yoast_head":"<!-- This site is optimized with the Yoast SEO plugin v27.0 - https:\/\/yoast.com\/product\/yoast-seo-wordpress\/ -->\n<title>Formations en Bretagne - Cercle de comp\u00e9tences<\/title>\n<meta name=\"robots\" content=\"index, follow, max-snippet:-1, max-image-preview:large, max-video-preview:-1\" \/>\n<link rel=\"canonical\" href=\"https:\/\/www.cercledecompetences.org\/index.php\/formations-en-bretagne\/\" \/>\n<meta property=\"og:locale\" content=\"fr_FR\" \/>\n<meta property=\"og:type\" content=\"article\" \/>\n<meta property=\"og:title\" content=\"Formations en Bretagne - Cercle de comp\u00e9tences\" \/>\n<meta property=\"og:description\" content=\"Formations en Bretagne\u00a0 Le Cercle de comp\u00e9tences propose ses formations dans diff\u00e9rentes villes de\u00a0Bretagne Pour les inscriptions \u00e0 nos formations ou des demandes de supervision et de formations sur mesure Vous pouvez contacter, la responsable de notre centre en Bretagne :\u00a0 C\u00e9cile Bertrand &lt;cecile.bertrand.bzh@gmail.com&gt; Un projet de th\u00e9rapie familiale pour tous \u2013 Bretagne Des the\u0301rapeutes [&hellip;]\" \/>\n<meta property=\"og:url\" content=\"https:\/\/www.cercledecompetences.org\/index.php\/formations-en-bretagne\/\" \/>\n<meta property=\"og:site_name\" content=\"Cercle de comp\u00e9tences\" \/>\n<meta property=\"article:publisher\" content=\"https:\/\/www.facebook.com\/cercledecompetences.Bretagne.et.Lyon\/\" \/>\n<meta property=\"article:modified_time\" content=\"2022-03-18T22:21:42+00:00\" \/>\n<meta property=\"og:image\" content=\"https:\/\/www.cercledecompetences.org\/wp-content\/uploads\/2019\/02\/Capture-d\u2019e\u0301cran-2019-02-07-a\u0300-11.57.30.png\" \/>\n\t<meta property=\"og:image:width\" content=\"277\" \/>\n\t<meta property=\"og:image:height\" content=\"184\" \/>\n\t<meta property=\"og:image:type\" content=\"image\/png\" \/>\n<meta name=\"twitter:card\" content=\"summary_large_image\" \/>\n<meta name=\"twitter:label1\" content=\"Dur\u00e9e de lecture estim\u00e9e\" \/>\n\t<meta name=\"twitter:data1\" content=\"2 minutes\" \/>\n<script type=\"application\/ld+json\" class=\"yoast-schema-graph\">{\"@context\":\"https:\/\/schema.org\",\"@graph\":[{\"@type\":\"WebPage\",\"@id\":\"https:\/\/www.cercledecompetences.org\/index.php\/formations-en-bretagne\/\",\"url\":\"https:\/\/www.cercledecompetences.org\/index.php\/formations-en-bretagne\/\",\"name\":\"Formations en Bretagne - Cercle de comp\u00e9tences\",\"isPartOf\":{\"@id\":\"https:\/\/www.cercledecompetences.org\/#website\"},\"primaryImageOfPage\":{\"@id\":\"https:\/\/www.cercledecompetences.org\/index.php\/formations-en-bretagne\/#primaryimage\"},\"image\":{\"@id\":\"https:\/\/www.cercledecompetences.org\/index.php\/formations-en-bretagne\/#primaryimage\"},\"thumbnailUrl\":\"https:\/\/www.cercledecompetences.org\/wp-content\/uploads\/2019\/02\/Capture-d%E2%80%99e%CC%81cran-2019-02-07-a%CC%80-11.57.30.png\",\"datePublished\":\"2019-01-08T15:12:55+00:00\",\"dateModified\":\"2022-03-18T22:21:42+00:00\",\"breadcrumb\":{\"@id\":\"https:\/\/www.cercledecompetences.org\/index.php\/formations-en-bretagne\/#breadcrumb\"},\"inLanguage\":\"fr-FR\",\"potentialAction\":[{\"@type\":\"ReadAction\",\"target\":[\"https:\/\/www.cercledecompetences.org\/index.php\/formations-en-bretagne\/\"]}]},{\"@type\":\"ImageObject\",\"inLanguage\":\"fr-FR\",\"@id\":\"https:\/\/www.cercledecompetences.org\/index.php\/formations-en-bretagne\/#primaryimage\",\"url\":\"https:\/\/www.cercledecompetences.org\/wp-content\/uploads\/2019\/02\/Capture-d\u2019e\u0301cran-2019-02-07-a\u0300-11.57.30.png\",\"contentUrl\":\"https:\/\/www.cercledecompetences.org\/wp-content\/uploads\/2019\/02\/Capture-d\u2019e\u0301cran-2019-02-07-a\u0300-11.57.30.png\",\"width\":277,\"height\":184},{\"@type\":\"BreadcrumbList\",\"@id\":\"https:\/\/www.cercledecompetences.org\/index.php\/formations-en-bretagne\/#breadcrumb\",\"itemListElement\":[{\"@type\":\"ListItem\",\"position\":1,\"name\":\"Accueil\",\"item\":\"https:\/\/www.cercledecompetences.org\/\"},{\"@type\":\"ListItem\",\"position\":2,\"name\":\"Formations en Bretagne\"}]},{\"@type\":\"WebSite\",\"@id\":\"https:\/\/www.cercledecompetences.org\/#website\",\"url\":\"https:\/\/www.cercledecompetences.org\/\",\"name\":\"Cercle de comp\u00e9tences\",\"description\":\"Organisme de formation associatif\",\"publisher\":{\"@id\":\"https:\/\/www.cercledecompetences.org\/#organization\"},\"potentialAction\":[{\"@type\":\"SearchAction\",\"target\":{\"@type\":\"EntryPoint\",\"urlTemplate\":\"https:\/\/www.cercledecompetences.org\/?s={search_term_string}\"},\"query-input\":{\"@type\":\"PropertyValueSpecification\",\"valueRequired\":true,\"valueName\":\"search_term_string\"}}],\"inLanguage\":\"fr-FR\"},{\"@type\":\"Organization\",\"@id\":\"https:\/\/www.cercledecompetences.org\/#organization\",\"name\":\"Cercle de comp\u00e9tences\",\"url\":\"https:\/\/www.cercledecompetences.org\/\",\"logo\":{\"@type\":\"ImageObject\",\"inLanguage\":\"fr-FR\",\"@id\":\"https:\/\/www.cercledecompetences.org\/#\/schema\/logo\/image\/\",\"url\":\"https:\/\/www.cercledecompetences.org\/wp-content\/uploads\/2019\/01\/logo-rond.gif\",\"contentUrl\":\"https:\/\/www.cercledecompetences.org\/wp-content\/uploads\/2019\/01\/logo-rond.gif\",\"width\":863,\"height\":1137,\"caption\":\"Cercle de comp\u00e9tences\"},\"image\":{\"@id\":\"https:\/\/www.cercledecompetences.org\/#\/schema\/logo\/image\/\"},\"sameAs\":[\"https:\/\/www.facebook.com\/cercledecompetences.Bretagne.et.Lyon\/\",\"https:\/\/www.linkedin.com\/company\/cercle-de-competences\/\"]}]}<\/script>\n<!-- \/ Yoast SEO plugin. -->","yoast_head_json":{"title":"Formations en Bretagne - Cercle de comp\u00e9tences","robots":{"index":"index","follow":"follow","max-snippet":"max-snippet:-1","max-image-preview":"max-image-preview:large","max-video-preview":"max-video-preview:-1"},"canonical":"https:\/\/www.cercledecompetences.org\/index.php\/formations-en-bretagne\/","og_locale":"fr_FR","og_type":"article","og_title":"Formations en Bretagne - Cercle de comp\u00e9tences","og_description":"Formations en Bretagne\u00a0 Le Cercle de comp\u00e9tences propose ses formations dans diff\u00e9rentes villes de\u00a0Bretagne Pour les inscriptions \u00e0 nos formations ou des demandes de supervision et de formations sur mesure Vous pouvez contacter, la responsable de notre centre en Bretagne :\u00a0 C\u00e9cile Bertrand &lt;cecile.bertrand.bzh@gmail.com&gt; Un projet de th\u00e9rapie familiale pour tous \u2013 Bretagne Des the\u0301rapeutes [&hellip;]","og_url":"https:\/\/www.cercledecompetences.org\/index.php\/formations-en-bretagne\/","og_site_name":"Cercle de comp\u00e9tences","article_publisher":"https:\/\/www.facebook.com\/cercledecompetences.Bretagne.et.Lyon\/","article_modified_time":"2022-03-18T22:21:42+00:00","og_image":[{"width":277,"height":184,"url":"https:\/\/www.cercledecompetences.org\/wp-content\/uploads\/2019\/02\/Capture-d\u2019e\u0301cran-2019-02-07-a\u0300-11.57.30.png","type":"image\/png"}],"twitter_card":"summary_large_image","twitter_misc":{"Dur\u00e9e de lecture estim\u00e9e":"2 minutes"},"schema":{"@context":"https:\/\/schema.org","@graph":[{"@type":"WebPage","@id":"https:\/\/www.cercledecompetences.org\/index.php\/formations-en-bretagne\/","url":"https:\/\/www.cercledecompetences.org\/index.php\/formations-en-bretagne\/","name":"Formations en Bretagne - Cercle de comp\u00e9tences","isPartOf":{"@id":"https:\/\/www.cercledecompetences.org\/#website"},"primaryImageOfPage":{"@id":"https:\/\/www.cercledecompetences.org\/index.php\/formations-en-bretagne\/#primaryimage"},"image":{"@id":"https:\/\/www.cercledecompetences.org\/index.php\/formations-en-bretagne\/#primaryimage"},"thumbnailUrl":"https:\/\/www.cercledecompetences.org\/wp-content\/uploads\/2019\/02\/Capture-d%E2%80%99e%CC%81cran-2019-02-07-a%CC%80-11.57.30.png","datePublished":"2019-01-08T15:12:55+00:00","dateModified":"2022-03-18T22:21:42+00:00","breadcrumb":{"@id":"https:\/\/www.cercledecompetences.org\/index.php\/formations-en-bretagne\/#breadcrumb"},"inLanguage":"fr-FR","potentialAction":[{"@type":"ReadAction","target":["https:\/\/www.cercledecompetences.org\/index.php\/formations-en-bretagne\/"]}]},{"@type":"ImageObject","inLanguage":"fr-FR","@id":"https:\/\/www.cercledecompetences.org\/index.php\/formations-en-bretagne\/#primaryimage","url":"https:\/\/www.cercledecompetences.org\/wp-content\/uploads\/2019\/02\/Capture-d\u2019e\u0301cran-2019-02-07-a\u0300-11.57.30.png","contentUrl":"https:\/\/www.cercledecompetences.org\/wp-content\/uploads\/2019\/02\/Capture-d\u2019e\u0301cran-2019-02-07-a\u0300-11.57.30.png","width":277,"height":184},{"@type":"BreadcrumbList","@id":"https:\/\/www.cercledecompetences.org\/index.php\/formations-en-bretagne\/#breadcrumb","itemListElement":[{"@type":"ListItem","position":1,"name":"Accueil","item":"https:\/\/www.cercledecompetences.org\/"},{"@type":"ListItem","position":2,"name":"Formations en Bretagne"}]},{"@type":"WebSite","@id":"https:\/\/www.cercledecompetences.org\/#website","url":"https:\/\/www.cercledecompetences.org\/","name":"Cercle de comp\u00e9tences","description":"Organisme de formation associatif","publisher":{"@id":"https:\/\/www.cercledecompetences.org\/#organization"},"potentialAction":[{"@type":"SearchAction","target":{"@type":"EntryPoint","urlTemplate":"https:\/\/www.cercledecompetences.org\/?s={search_term_string}"},"query-input":{"@type":"PropertyValueSpecification","valueRequired":true,"valueName":"search_term_string"}}],"inLanguage":"fr-FR"},{"@type":"Organization","@id":"https:\/\/www.cercledecompetences.org\/#organization","name":"Cercle de comp\u00e9tences","url":"https:\/\/www.cercledecompetences.org\/","logo":{"@type":"ImageObject","inLanguage":"fr-FR","@id":"https:\/\/www.cercledecompetences.org\/#\/schema\/logo\/image\/","url":"https:\/\/www.cercledecompetences.org\/wp-content\/uploads\/2019\/01\/logo-rond.gif","contentUrl":"https:\/\/www.cercledecompetences.org\/wp-content\/uploads\/2019\/01\/logo-rond.gif","width":863,"height":1137,"caption":"Cercle de comp\u00e9tences"},"image":{"@id":"https:\/\/www.cercledecompetences.org\/#\/schema\/logo\/image\/"},"sameAs":["https:\/\/www.facebook.com\/cercledecompetences.Bretagne.et.Lyon\/","https:\/\/www.linkedin.com\/company\/cercle-de-competences\/"]}]}},"_links":{"self":[{"href":"https:\/\/www.cercledecompetences.org\/index.php\/wp-json\/wp\/v2\/pages\/80","targetHints":{"allow":["GET"]}}],"collection":[{"href":"https:\/\/www.cercledecompetences.org\/index.php\/wp-json\/wp\/v2\/pages"}],"about":[{"href":"https:\/\/www.cercledecompetences.org\/index.php\/wp-json\/wp\/v2\/types\/page"}],"author":[{"embeddable":true,"href":"https:\/\/www.cercledecompetences.org\/index.php\/wp-json\/wp\/v2\/users\/3"}],"replies":[{"embeddable":true,"href":"https:\/\/www.cercledecompetences.org\/index.php\/wp-json\/wp\/v2\/comments?post=80"}],"version-history":[{"count":6,"href":"https:\/\/www.cercledecompetences.org\/index.php\/wp-json\/wp\/v2\/pages\/80\/revisions"}],"predecessor-version":[{"id":5138,"href":"https:\/\/www.cercledecompetences.org\/index.php\/wp-json\/wp\/v2\/pages\/80\/revisions\/5138"}],"wp:attachment":[{"href":"https:\/\/www.cercledecompetences.org\/index.php\/wp-json\/wp\/v2\/media?parent=80"}],"curies":[{"name":"wp","href":"https:\/\/api.w.org\/{rel}","templated":true}]}}