{"id":82,"date":"2019-01-08T16:15:18","date_gmt":"2019-01-08T15:15:18","guid":{"rendered":"https:\/\/www.cercledecompetences.org\/?page_id=82"},"modified":"2019-02-19T08:22:04","modified_gmt":"2019-02-19T07:22:04","slug":"qui-sommes-nous","status":"publish","type":"page","link":"https:\/\/www.cercledecompetences.org\/index.php\/qui-sommes-nous\/","title":{"rendered":"Qui sommes nous"},"content":{"rendered":"<p>[et_pb_section fb_built=\u00a0\u00bb1&Prime; _builder_version=\u00a0\u00bb3.19&Prime;][et_pb_row _builder_version=\u00a0\u00bb3.19&Prime;][et_pb_column type=\u00a0\u00bb4_4&Prime; _builder_version=\u00a0\u00bb3.19&Prime; parallax=\u00a0\u00bboff\u00a0\u00bb parallax_method=\u00a0\u00bbon\u00a0\u00bb][et_pb_text _builder_version=\u00a0\u00bb3.19&Prime;]<\/p>\n<h1><span style=\"font-size: xx-large; color: #a51401;\">QUI <g class=\"gr_ gr_34 gr-alert gr_gramm gr_inline_cards gr_run_anim Style multiReplace\" id=\"34\" data-gr-id=\"34\">SOMMES-NOUS ?<\/g><\/span><\/h1>\n<p><le cercle=\"\" de=\"\" comp=\"\" tences=\"\" est=\"\" une=\"\" association=\"\" loi=\"\" 1901=\"\" qui=\"\" a=\"\" pour=\"\" vocation=\"\" la=\"\" diffusion=\"\" des=\"\" id=\"\" es=\"\" et=\"\" pratiques=\"\" centr=\"\" ce=\"\" sans=\"\" fronti=\"\" res=\"\" p=\"\"> <\/le><\/p>\n<p class=\"font_8\"><span><span class=\"color_15\"><span class=\"CSS1Compat\"><\/span><\/span><\/span><\/p>\n<p class=\"font_8\"><span><span class=\"color_15\"><span class=\"CSS1Compat\"><\/span><\/span><\/span><\/p>\n<p class=\"font_8\"><span><span class=\"color_15\"><span class=\"CSS1Compat\">Le\u00a0Cercle de Comp\u00e9tences\u00a0est une association loi 1901 qui a pour vocation la diffusion des id\u00e9es et pratiques centr\u00e9es comp\u00e9tences et ce sans fronti\u00e8res.<\/span><\/span><\/span><\/p>\n<p class=\"font_8\"><span><span class=\"color_15\"><span class=\"CSS1Compat\">Cela suppose des communications, des actions de formation, de supervision, une r\u00e9flexion interdisciplinaire avec d\u2019autres partenaires et l\u2019engagement dans des projets humanitaires<\/span><\/span><\/span><\/p>\n<p class=\"font_8\"><span><span class=\"color_15\"><span class=\"CSS1Compat\">L&rsquo;ensemble des membres de l&rsquo;association portent des valeurs communes de partage, transmission, solidarit\u00e9 et \u0153uvrent pour la mise en place de projets humanitaires.<\/span><\/span><\/span><\/p>\n<p class=\"font_8\"><span><span class=\"color_15\"><span class=\"CSS1Compat\">Les formations supervisions propos\u00e9es par le Cercle de Comp\u00e9tences permettent donc de financer ces projets.<\/span><\/span><\/span><\/p>\n<p class=\"font_8\"><span><span class=\"color_15\"><span class=\"CSS1Compat\"><span class=\"wixGuard\"> <\/span><\/span><\/span><\/span><\/p>\n<p class=\"font_8\"><span><span class=\"color_15\"><span class=\"CSS1Compat\"><span class=\"wixGuard\"> <\/span><\/span><\/span><\/span><\/p>\n<p>&nbsp;<\/p>\n<p>&nbsp;<\/p>\n<div data-packed=\"true\" class=\"txtNew\" id=\"comp-j944rrw9\">\n<h6 class=\"font_6\"><span style=\"font-size: xx-large; color: #a51401;\">NOS MISSIONS<\/span><\/h6>\n<p><span style=\"font-size: xx-large; color: #a51401;\"><\/span><\/p>\n<p><span style=\"font-size: xx-large; color: #a51401;\"><\/span><\/p>\n<p><span style=\"font-size: xx-large; color: #a51401;\"><\/span><\/p>\n<p><span style=\"font-size: large;\"><b>1)<\/b> <b>Formations<\/b>, <b>s\u00e9minaires<\/b>, <b>supervisions<\/b><\/span><\/p>\n<p><span style=\"font-size: large;\"><b>2) Diffusion<\/b> des <b>connaissances<\/b> et <b>pratiques<\/b> de l\u2019\u00e9pist\u00e9mologie <b>centr\u00e9e comp\u00e9tences <\/b><b><i>sans fronti\u00e8res <\/i><\/b><\/span><\/p>\n<p><span style=\"font-size: large;\"><b>3) Recherche appliqu\u00e9e <\/b>et \u00e9valuation concernant les effets du mod\u00e8le centr\u00e9 comp\u00e9tences<\/span><\/p>\n<p><span style=\"font-size: large;\"><b>4) <\/b>D\u00e9veloppement d\u2019un <b>r\u00e9seau<\/b> centr\u00e9 comp\u00e9tences<\/span><\/p>\n<p><span style=\"font-size: xx-large; color: #a51401;\"><\/span><\/p>\n<p>Notre association a pour but la diffusion des connaissances et pratiques de l\u2019\u00e9pist\u00e9mologie centr\u00e9e comp\u00e9tences et ce, sans fronti\u00e8re.<br \/> <span style=\"font-size: xx-large;\"><\/span><\/p>\n<\/div>\n<p class=\"font_8\"><span>Cette diffusion se fait par l\u2019organisation et la mise en \u0153uvre de formations th\u00e9oriques et pratiques concernant les approches centr\u00e9es comp\u00e9tences et leurs applications dans les domaines suivants :<\/span><\/p>\n<ul class=\"font_8\">\n<li>\n<p class=\"font_8\"><span>Sant\u00e9 mentale<\/span><\/p>\n<\/li>\n<li>\n<p class=\"font_8\"><span>\u00c9ducation<\/span><\/p>\n<\/li>\n<li>\n<p class=\"font_8\"><span>Relation d\u2019aide<\/span><\/p>\n<\/li>\n<li>\n<p class=\"font_8\"><span>Communication au sein des institutions et des entreprises<\/span><\/p>\n<\/li>\n<li>\n<p class=\"font_8\"><span>Organisation de s\u00e9minaires th\u00e9matiques et journ\u00e9es d\u2019\u00e9tudes<\/span><\/p>\n<\/li>\n<li>\n<p class=\"font_8\"><span>D\u00e9veloppement d\u2019un r\u00e9seau centr\u00e9 comp\u00e9tences<\/span><\/p>\n<\/li>\n<li>\n<p class=\"font_8\"><span>Supervisions et analyses de la pratique aupr\u00e8s d\u2019\u00e9quipes et de professionnels individuels<\/span><\/p>\n<\/li>\n<li>\n<p class=\"font_8\"><span>Interventions en situation de crise<\/span><\/p>\n<\/li>\n<li>\n<p class=\"font_8\"><span>Fonds de solidarit\u00e9 pour des accompagnements th\u00e9rapeutiques<\/span><\/p>\n<\/li>\n<li>\n<p class=\"font_8\"><span>Recherche appliqu\u00e9e et \u00e9valuation concernant les effets du mod\u00e8le centr\u00e9 comp\u00e9tences dans diff\u00e9rents domaines<\/span><\/p>\n<\/li>\n<li>\n<p class=\"font_8\"><span>Conf\u00e9rences<\/span><\/p>\n<\/li>\n<li>\n<p class=\"font_8\"><span>Communications publiques<\/span><\/p>\n<\/li>\n<li>\n<p class=\"font_8\"><span>R\u00e9dactions de textes, de brochures, d\u2019informations p\u00e9riodiques<\/span><\/p>\n<\/li>\n<li>\n<p class=\"font_8\"><span>Diffusion du mod\u00e8le centr\u00e9 comp\u00e9tences au del\u00e0 des fronti\u00e8res comprenant une dimension humanitaire, notamment par :<\/span><\/p>\n<ul>\n<li>\n<p class=\"font_8\"><span>des tarifs all\u00e9g\u00e9s pour des personnes dans un statut pr\u00e9caire<\/span><\/p>\n<\/li>\n<li>\n<p class=\"font_8\"><span>le soutien de projets en d\u00e9veloppement<\/span><\/p>\n<\/li>\n<li>\n<p class=\"font_8\"><span>le partage de connaissances et de pratiques centr\u00e9es comp\u00e9tences avec des coll\u00e8gues de pays \u00e9mergents, porteurs de projets<\/span><\/p>\n<\/li>\n<li>\n<p class=\"font_8\"><span>une aide logistique et financi\u00e8re pour la participation \u00e0 des activit\u00e9s organis\u00e9es par l\u2019association.<\/span><\/p>\n<\/li>\n<li>\n<p class=\"font_8\"><span>l\u2019organisation et la mise en \u0153uvre de s\u00e9minaires et de formations localement<\/span><\/p>\n<\/li>\n<\/ul>\n<\/li>\n<li>\n<p class=\"font_8\"><span>Le soutien de professionnels par le biais de supervisions et consultations continues<\/span><\/p>\n<\/li>\n<li>\n<p class=\"font_8\"><span>La traduction de textes<\/span><\/p>\n<\/li>\n<li>\n<p class=\"font_8\"><span>La collaboration \u00e0 des projets avec d\u2019autres organismes<\/span><\/p>\n<\/li>\n<li>\n<p class=\"font_8\"><span>L\u2019exploration et l\u2019\u00e9laboration de nouvelles voies et applications centr\u00e9es comp\u00e9tences<\/span><\/p>\n<\/li>\n<\/ul>\n<p>&nbsp;<\/p>\n<p>[\/et_pb_text][\/et_pb_column][\/et_pb_row][et_pb_row _builder_version=\u00a0\u00bb3.19&Prime;][et_pb_column type=\u00a0\u00bb4_4&Prime; _builder_version=\u00a0\u00bb3.19&Prime; parallax=\u00a0\u00bboff\u00a0\u00bb parallax_method=\u00a0\u00bbon\u00a0\u00bb][et_pb_text _builder_version=\u00a0\u00bb3.19&Prime;]<\/p>\n<p><le cercle=\"\" de=\"\" comp=\"\" tences=\"\" est=\"\" une=\"\" association=\"\" loi=\"\" 1901=\"\" qui=\"\" a=\"\" pour=\"\" vocation=\"\" la=\"\" diffusion=\"\" des=\"\" id=\"\" es=\"\" et=\"\" pratiques=\"\" centr=\"\" ce=\"\" sans=\"\" fronti=\"\" res=\"\" p=\"\"> <\/le><\/p>\n<p>&nbsp;<\/p>\n<p>[\/et_pb_text][\/et_pb_column][\/et_pb_row][\/et_pb_section]<\/p>\n","protected":false},"excerpt":{"rendered":"<p>QUI SOMMES-NOUS ? Le\u00a0Cercle de Comp\u00e9tences\u00a0est une association loi 1901 qui a pour vocation la diffusion des id\u00e9es et pratiques centr\u00e9es comp\u00e9tences et ce sans fronti\u00e8res. Cela suppose des communications, des actions de formation, de supervision, une r\u00e9flexion interdisciplinaire avec d\u2019autres partenaires et l\u2019engagement dans des projets humanitaires L&rsquo;ensemble des membres de l&rsquo;association portent des [&hellip;]<\/p>\n","protected":false},"author":3,"featured_media":0,"parent":0,"menu_order":0,"comment_status":"closed","ping_status":"closed","template":"","meta":{"_et_pb_use_builder":"on","_et_pb_old_content":"<!-- wp:divi\/placeholder \/-->","_et_gb_content_width":"","_glsr_average":0,"_glsr_ranking":0,"_glsr_reviews":0,"footnotes":""},"class_list":["post-82","page","type-page","status-publish","hentry"],"yoast_head":"<!-- This site is optimized with the Yoast SEO plugin v27.0 - https:\/\/yoast.com\/product\/yoast-seo-wordpress\/ -->\n<title>Qui sommes nous - Cercle de comp\u00e9tences<\/title>\n<meta name=\"robots\" content=\"index, follow, max-snippet:-1, max-image-preview:large, max-video-preview:-1\" \/>\n<link rel=\"canonical\" href=\"https:\/\/www.cercledecompetences.org\/index.php\/qui-sommes-nous\/\" \/>\n<meta property=\"og:locale\" content=\"fr_FR\" \/>\n<meta property=\"og:type\" content=\"article\" \/>\n<meta property=\"og:title\" content=\"Qui sommes nous - Cercle de comp\u00e9tences\" \/>\n<meta property=\"og:description\" content=\"QUI SOMMES-NOUS ? Le\u00a0Cercle de Comp\u00e9tences\u00a0est une association loi 1901 qui a pour vocation la diffusion des id\u00e9es et pratiques centr\u00e9es comp\u00e9tences et ce sans fronti\u00e8res. Cela suppose des communications, des actions de formation, de supervision, une r\u00e9flexion interdisciplinaire avec d\u2019autres partenaires et l\u2019engagement dans des projets humanitaires L&#039;ensemble des membres de l&#039;association portent des [&hellip;]\" \/>\n<meta property=\"og:url\" content=\"https:\/\/www.cercledecompetences.org\/index.php\/qui-sommes-nous\/\" \/>\n<meta property=\"og:site_name\" content=\"Cercle de comp\u00e9tences\" \/>\n<meta property=\"article:publisher\" content=\"https:\/\/www.facebook.com\/cercledecompetences.Bretagne.et.Lyon\/\" \/>\n<meta property=\"article:modified_time\" content=\"2019-02-19T07:22:04+00:00\" \/>\n<meta name=\"twitter:card\" content=\"summary_large_image\" \/>\n<meta name=\"twitter:label1\" content=\"Dur\u00e9e de lecture estim\u00e9e\" \/>\n\t<meta name=\"twitter:data1\" content=\"2 minutes\" \/>\n<script type=\"application\/ld+json\" class=\"yoast-schema-graph\">{\"@context\":\"https:\/\/schema.org\",\"@graph\":[{\"@type\":\"WebPage\",\"@id\":\"https:\/\/www.cercledecompetences.org\/index.php\/qui-sommes-nous\/\",\"url\":\"https:\/\/www.cercledecompetences.org\/index.php\/qui-sommes-nous\/\",\"name\":\"Qui sommes nous - Cercle de comp\u00e9tences\",\"isPartOf\":{\"@id\":\"https:\/\/www.cercledecompetences.org\/#website\"},\"datePublished\":\"2019-01-08T15:15:18+00:00\",\"dateModified\":\"2019-02-19T07:22:04+00:00\",\"breadcrumb\":{\"@id\":\"https:\/\/www.cercledecompetences.org\/index.php\/qui-sommes-nous\/#breadcrumb\"},\"inLanguage\":\"fr-FR\",\"potentialAction\":[{\"@type\":\"ReadAction\",\"target\":[\"https:\/\/www.cercledecompetences.org\/index.php\/qui-sommes-nous\/\"]}]},{\"@type\":\"BreadcrumbList\",\"@id\":\"https:\/\/www.cercledecompetences.org\/index.php\/qui-sommes-nous\/#breadcrumb\",\"itemListElement\":[{\"@type\":\"ListItem\",\"position\":1,\"name\":\"Accueil\",\"item\":\"https:\/\/www.cercledecompetences.org\/\"},{\"@type\":\"ListItem\",\"position\":2,\"name\":\"Qui sommes nous\"}]},{\"@type\":\"WebSite\",\"@id\":\"https:\/\/www.cercledecompetences.org\/#website\",\"url\":\"https:\/\/www.cercledecompetences.org\/\",\"name\":\"Cercle de comp\u00e9tences\",\"description\":\"Organisme de formation associatif\",\"publisher\":{\"@id\":\"https:\/\/www.cercledecompetences.org\/#organization\"},\"potentialAction\":[{\"@type\":\"SearchAction\",\"target\":{\"@type\":\"EntryPoint\",\"urlTemplate\":\"https:\/\/www.cercledecompetences.org\/?s={search_term_string}\"},\"query-input\":{\"@type\":\"PropertyValueSpecification\",\"valueRequired\":true,\"valueName\":\"search_term_string\"}}],\"inLanguage\":\"fr-FR\"},{\"@type\":\"Organization\",\"@id\":\"https:\/\/www.cercledecompetences.org\/#organization\",\"name\":\"Cercle de comp\u00e9tences\",\"url\":\"https:\/\/www.cercledecompetences.org\/\",\"logo\":{\"@type\":\"ImageObject\",\"inLanguage\":\"fr-FR\",\"@id\":\"https:\/\/www.cercledecompetences.org\/#\/schema\/logo\/image\/\",\"url\":\"https:\/\/www.cercledecompetences.org\/wp-content\/uploads\/2019\/01\/logo-rond.gif\",\"contentUrl\":\"https:\/\/www.cercledecompetences.org\/wp-content\/uploads\/2019\/01\/logo-rond.gif\",\"width\":863,\"height\":1137,\"caption\":\"Cercle de comp\u00e9tences\"},\"image\":{\"@id\":\"https:\/\/www.cercledecompetences.org\/#\/schema\/logo\/image\/\"},\"sameAs\":[\"https:\/\/www.facebook.com\/cercledecompetences.Bretagne.et.Lyon\/\",\"https:\/\/www.linkedin.com\/company\/cercle-de-competences\/\"]}]}<\/script>\n<!-- \/ Yoast SEO plugin. -->","yoast_head_json":{"title":"Qui sommes nous - Cercle de comp\u00e9tences","robots":{"index":"index","follow":"follow","max-snippet":"max-snippet:-1","max-image-preview":"max-image-preview:large","max-video-preview":"max-video-preview:-1"},"canonical":"https:\/\/www.cercledecompetences.org\/index.php\/qui-sommes-nous\/","og_locale":"fr_FR","og_type":"article","og_title":"Qui sommes nous - Cercle de comp\u00e9tences","og_description":"QUI SOMMES-NOUS ? Le\u00a0Cercle de Comp\u00e9tences\u00a0est une association loi 1901 qui a pour vocation la diffusion des id\u00e9es et pratiques centr\u00e9es comp\u00e9tences et ce sans fronti\u00e8res. Cela suppose des communications, des actions de formation, de supervision, une r\u00e9flexion interdisciplinaire avec d\u2019autres partenaires et l\u2019engagement dans des projets humanitaires L'ensemble des membres de l'association portent des [&hellip;]","og_url":"https:\/\/www.cercledecompetences.org\/index.php\/qui-sommes-nous\/","og_site_name":"Cercle de comp\u00e9tences","article_publisher":"https:\/\/www.facebook.com\/cercledecompetences.Bretagne.et.Lyon\/","article_modified_time":"2019-02-19T07:22:04+00:00","twitter_card":"summary_large_image","twitter_misc":{"Dur\u00e9e de lecture estim\u00e9e":"2 minutes"},"schema":{"@context":"https:\/\/schema.org","@graph":[{"@type":"WebPage","@id":"https:\/\/www.cercledecompetences.org\/index.php\/qui-sommes-nous\/","url":"https:\/\/www.cercledecompetences.org\/index.php\/qui-sommes-nous\/","name":"Qui sommes nous - Cercle de comp\u00e9tences","isPartOf":{"@id":"https:\/\/www.cercledecompetences.org\/#website"},"datePublished":"2019-01-08T15:15:18+00:00","dateModified":"2019-02-19T07:22:04+00:00","breadcrumb":{"@id":"https:\/\/www.cercledecompetences.org\/index.php\/qui-sommes-nous\/#breadcrumb"},"inLanguage":"fr-FR","potentialAction":[{"@type":"ReadAction","target":["https:\/\/www.cercledecompetences.org\/index.php\/qui-sommes-nous\/"]}]},{"@type":"BreadcrumbList","@id":"https:\/\/www.cercledecompetences.org\/index.php\/qui-sommes-nous\/#breadcrumb","itemListElement":[{"@type":"ListItem","position":1,"name":"Accueil","item":"https:\/\/www.cercledecompetences.org\/"},{"@type":"ListItem","position":2,"name":"Qui sommes nous"}]},{"@type":"WebSite","@id":"https:\/\/www.cercledecompetences.org\/#website","url":"https:\/\/www.cercledecompetences.org\/","name":"Cercle de comp\u00e9tences","description":"Organisme de formation associatif","publisher":{"@id":"https:\/\/www.cercledecompetences.org\/#organization"},"potentialAction":[{"@type":"SearchAction","target":{"@type":"EntryPoint","urlTemplate":"https:\/\/www.cercledecompetences.org\/?s={search_term_string}"},"query-input":{"@type":"PropertyValueSpecification","valueRequired":true,"valueName":"search_term_string"}}],"inLanguage":"fr-FR"},{"@type":"Organization","@id":"https:\/\/www.cercledecompetences.org\/#organization","name":"Cercle de comp\u00e9tences","url":"https:\/\/www.cercledecompetences.org\/","logo":{"@type":"ImageObject","inLanguage":"fr-FR","@id":"https:\/\/www.cercledecompetences.org\/#\/schema\/logo\/image\/","url":"https:\/\/www.cercledecompetences.org\/wp-content\/uploads\/2019\/01\/logo-rond.gif","contentUrl":"https:\/\/www.cercledecompetences.org\/wp-content\/uploads\/2019\/01\/logo-rond.gif","width":863,"height":1137,"caption":"Cercle de comp\u00e9tences"},"image":{"@id":"https:\/\/www.cercledecompetences.org\/#\/schema\/logo\/image\/"},"sameAs":["https:\/\/www.facebook.com\/cercledecompetences.Bretagne.et.Lyon\/","https:\/\/www.linkedin.com\/company\/cercle-de-competences\/"]}]}},"_links":{"self":[{"href":"https:\/\/www.cercledecompetences.org\/index.php\/wp-json\/wp\/v2\/pages\/82","targetHints":{"allow":["GET"]}}],"collection":[{"href":"https:\/\/www.cercledecompetences.org\/index.php\/wp-json\/wp\/v2\/pages"}],"about":[{"href":"https:\/\/www.cercledecompetences.org\/index.php\/wp-json\/wp\/v2\/types\/page"}],"author":[{"embeddable":true,"href":"https:\/\/www.cercledecompetences.org\/index.php\/wp-json\/wp\/v2\/users\/3"}],"replies":[{"embeddable":true,"href":"https:\/\/www.cercledecompetences.org\/index.php\/wp-json\/wp\/v2\/comments?post=82"}],"version-history":[{"count":15,"href":"https:\/\/www.cercledecompetences.org\/index.php\/wp-json\/wp\/v2\/pages\/82\/revisions"}],"predecessor-version":[{"id":1656,"href":"https:\/\/www.cercledecompetences.org\/index.php\/wp-json\/wp\/v2\/pages\/82\/revisions\/1656"}],"wp:attachment":[{"href":"https:\/\/www.cercledecompetences.org\/index.php\/wp-json\/wp\/v2\/media?parent=82"}],"curies":[{"name":"wp","href":"https:\/\/api.w.org\/{rel}","templated":true}]}}