{"id":7216,"date":"2023-06-23T08:42:20","date_gmt":"2023-06-23T06:42:20","guid":{"rendered":"https:\/\/www.cercledecompetences.org\/?post_type=product&#038;p=7216"},"modified":"2023-06-23T08:46:58","modified_gmt":"2023-06-23T06:46:58","slug":"prendre-en-compte-les-systemes-de-loyautes-en-psychotraumatologie-inscription-individuelle-2024","status":"publish","type":"product","link":"https:\/\/www.cercledecompetences.org\/index.php\/produit\/prendre-en-compte-les-systemes-de-loyautes-en-psychotraumatologie-inscription-individuelle-2024\/","title":{"rendered":"Prendre en compte les syst\u00e8mes de loyaut\u00e9s en psychotraumatologie &#8211; Inscription Individuelle &#8211; 2024"},"content":{"rendered":"<p>La loyaut\u00e9, telle qu\u2019elle a \u00e9t\u00e9 conceptualis\u00e9e par Ivan Boszormenyi Naguy est une dimension incontournable dans la relation d\u2019aide. Il s\u2019agit d\u2019une notion centrale en th\u00e9rapie familiale, permettant par cette lecture d\u2019avancer vers des liens plus constructifs. Lorsqu\u2019il y a pr\u00e9sence de traumatismes relationnels, qu\u2019ils soient individuels ou familiaux, ontog\u00e9n\u00e9tiques ou transmis, lorsqu\u2019il y a eu ou qu\u2019il existe encore des violences intrafamiliales, la honte et la peur semblent gouverner le silence, favorisant ainsi la transmission de contenus implicites, tout en maintenant une r\u00e8gle du secret non dite.<\/p>\n","protected":false},"excerpt":{"rendered":"<p><strong><span class=\"mig-agenda-datedebutsession\">19, 20 et 21 Septembre 2024 \u2013 Lyon<\/span><br \/>\n<\/strong><br \/>\nJeudi 19 : 9h30 \u2013 18h00<br \/>\nVendredi 20 : 9h00\u201317h30<br \/>\nSamedi 21 : 9h00\u201316h00<\/p>\n<p>Lieu : Oullins \u2013 Lyon sud<\/p>\n<p><span class=\"mig-agenda-observationsweb-val\">Formatrice : H\u00e9l\u00e8ne Dellucci<br \/>\n<\/span><\/p>\n","protected":false},"featured_media":6352,"comment_status":"open","ping_status":"closed","template":"","meta":{"_et_pb_use_builder":"off","_et_pb_old_content":"<strong>Psychotraumatologie centr\u00e9e comp\u00e9tences \u2013 module 1<\/strong>\r\n\r\nCette formation en psychotraumatologie centr\u00e9e comp\u00e9tences mettra l\u2019accent sur une compr\u00e9hension du traumatisme psychique et une stabilisation efficace de toute personne traumatis\u00e9e, m\u00eame les cas r\u00e9put\u00e9s les plus difficiles. L\u2019enseignement portera sur une introduction en psychotraumatologie en lien avec les derni\u00e8res d\u00e9couvertes en neurosciences et en physiologie. Dans cet atelier sera pr\u00e9sent\u00e9 une vue d\u2019ensemble des diff\u00e9rentes possibilit\u00e9s de stabilisation et d\u2019intervention accessibles \u00e0 toute personne souffrant de traumatisme.","_et_gb_content_width":"","_glsr_average":0,"_glsr_ranking":0,"_glsr_reviews":0},"product_brand":[],"product_cat":[25,30],"product_tag":[],"class_list":{"0":"post-7216","1":"product","2":"type-product","3":"status-publish","4":"has-post-thumbnail","6":"product_cat-formations","7":"product_cat-prendre-en-compte-les-systemes-de-loyautes-en-psychotraumatologie","9":"first","10":"instock","11":"downloadable","12":"shipping-taxable","13":"purchasable","14":"product-type-simple"},"yoast_head":"<!-- This site is optimized with the Yoast SEO plugin v27.0 - https:\/\/yoast.com\/product\/yoast-seo-wordpress\/ -->\n<title>Prendre en compte les syst\u00e8mes de loyaut\u00e9s en psychotraumatologie - Inscription Individuelle - 2024 - Cercle de comp\u00e9tences<\/title>\n<meta name=\"robots\" content=\"index, follow, max-snippet:-1, max-image-preview:large, max-video-preview:-1\" \/>\n<link rel=\"canonical\" href=\"https:\/\/www.cercledecompetences.org\/index.php\/produit\/prendre-en-compte-les-systemes-de-loyautes-en-psychotraumatologie-inscription-individuelle-2024\/\" \/>\n<meta property=\"og:locale\" content=\"fr_FR\" \/>\n<meta property=\"og:type\" content=\"article\" \/>\n<meta property=\"og:title\" content=\"Prendre en compte les syst\u00e8mes de loyaut\u00e9s en psychotraumatologie - Inscription Individuelle - 2024 - Cercle de comp\u00e9tences\" \/>\n<meta property=\"og:description\" content=\"19, 20 et 21 Septembre 2024 \u2013 Lyon  Jeudi 19 : 9h30 \u2013 18h00 Vendredi 20 : 9h00\u201317h30 Samedi 21 : 9h00\u201316h00  Lieu : Oullins \u2013 Lyon sud  Formatrice : H\u00e9l\u00e8ne Dellucci\" \/>\n<meta property=\"og:url\" content=\"https:\/\/www.cercledecompetences.org\/index.php\/produit\/prendre-en-compte-les-systemes-de-loyautes-en-psychotraumatologie-inscription-individuelle-2024\/\" \/>\n<meta property=\"og:site_name\" content=\"Cercle de comp\u00e9tences\" \/>\n<meta property=\"article:publisher\" content=\"https:\/\/www.facebook.com\/cercledecompetences.Bretagne.et.Lyon\/\" \/>\n<meta property=\"article:modified_time\" content=\"2023-06-23T06:46:58+00:00\" \/>\n<meta property=\"og:image\" content=\"https:\/\/www.cercledecompetences.org\/wp-content\/uploads\/2022\/12\/loyautes-1327191_1280.jpg\" \/>\n\t<meta property=\"og:image:width\" content=\"1280\" \/>\n\t<meta property=\"og:image:height\" content=\"853\" \/>\n\t<meta property=\"og:image:type\" content=\"image\/jpeg\" \/>\n<meta name=\"twitter:card\" content=\"summary_large_image\" \/>\n<meta name=\"twitter:label1\" content=\"Dur\u00e9e de lecture estim\u00e9e\" \/>\n\t<meta name=\"twitter:data1\" content=\"1 minute\" \/>\n<script type=\"application\/ld+json\" class=\"yoast-schema-graph\">{\"@context\":\"https:\/\/schema.org\",\"@graph\":[{\"@type\":\"WebPage\",\"@id\":\"https:\/\/www.cercledecompetences.org\/index.php\/produit\/prendre-en-compte-les-systemes-de-loyautes-en-psychotraumatologie-inscription-individuelle-2024\/\",\"url\":\"https:\/\/www.cercledecompetences.org\/index.php\/produit\/prendre-en-compte-les-systemes-de-loyautes-en-psychotraumatologie-inscription-individuelle-2024\/\",\"name\":\"Prendre en compte les syst\u00e8mes de loyaut\u00e9s en psychotraumatologie - Inscription Individuelle - 2024 - Cercle de comp\u00e9tences\",\"isPartOf\":{\"@id\":\"https:\/\/www.cercledecompetences.org\/#website\"},\"primaryImageOfPage\":{\"@id\":\"https:\/\/www.cercledecompetences.org\/index.php\/produit\/prendre-en-compte-les-systemes-de-loyautes-en-psychotraumatologie-inscription-individuelle-2024\/#primaryimage\"},\"image\":{\"@id\":\"https:\/\/www.cercledecompetences.org\/index.php\/produit\/prendre-en-compte-les-systemes-de-loyautes-en-psychotraumatologie-inscription-individuelle-2024\/#primaryimage\"},\"thumbnailUrl\":\"https:\/\/www.cercledecompetences.org\/wp-content\/uploads\/2022\/12\/loyautes-1327191_1280.jpg\",\"datePublished\":\"2023-06-23T06:42:20+00:00\",\"dateModified\":\"2023-06-23T06:46:58+00:00\",\"breadcrumb\":{\"@id\":\"https:\/\/www.cercledecompetences.org\/index.php\/produit\/prendre-en-compte-les-systemes-de-loyautes-en-psychotraumatologie-inscription-individuelle-2024\/#breadcrumb\"},\"inLanguage\":\"fr-FR\",\"potentialAction\":[{\"@type\":\"ReadAction\",\"target\":[\"https:\/\/www.cercledecompetences.org\/index.php\/produit\/prendre-en-compte-les-systemes-de-loyautes-en-psychotraumatologie-inscription-individuelle-2024\/\"]}]},{\"@type\":\"ImageObject\",\"inLanguage\":\"fr-FR\",\"@id\":\"https:\/\/www.cercledecompetences.org\/index.php\/produit\/prendre-en-compte-les-systemes-de-loyautes-en-psychotraumatologie-inscription-individuelle-2024\/#primaryimage\",\"url\":\"https:\/\/www.cercledecompetences.org\/wp-content\/uploads\/2022\/12\/loyautes-1327191_1280.jpg\",\"contentUrl\":\"https:\/\/www.cercledecompetences.org\/wp-content\/uploads\/2022\/12\/loyautes-1327191_1280.jpg\",\"width\":1280,\"height\":853},{\"@type\":\"BreadcrumbList\",\"@id\":\"https:\/\/www.cercledecompetences.org\/index.php\/produit\/prendre-en-compte-les-systemes-de-loyautes-en-psychotraumatologie-inscription-individuelle-2024\/#breadcrumb\",\"itemListElement\":[{\"@type\":\"ListItem\",\"position\":1,\"name\":\"Accueil\",\"item\":\"https:\/\/www.cercledecompetences.org\/\"},{\"@type\":\"ListItem\",\"position\":2,\"name\":\"Boutique\",\"item\":\"https:\/\/www.cercledecompetences.org\/index.php\/boutique\/\"},{\"@type\":\"ListItem\",\"position\":3,\"name\":\"Prendre en compte les syst\u00e8mes de loyaut\u00e9s en psychotraumatologie &#8211; Inscription Individuelle &#8211; 2024\"}]},{\"@type\":\"WebSite\",\"@id\":\"https:\/\/www.cercledecompetences.org\/#website\",\"url\":\"https:\/\/www.cercledecompetences.org\/\",\"name\":\"Cercle de comp\u00e9tences\",\"description\":\"Organisme de formation associatif\",\"publisher\":{\"@id\":\"https:\/\/www.cercledecompetences.org\/#organization\"},\"potentialAction\":[{\"@type\":\"SearchAction\",\"target\":{\"@type\":\"EntryPoint\",\"urlTemplate\":\"https:\/\/www.cercledecompetences.org\/?s={search_term_string}\"},\"query-input\":{\"@type\":\"PropertyValueSpecification\",\"valueRequired\":true,\"valueName\":\"search_term_string\"}}],\"inLanguage\":\"fr-FR\"},{\"@type\":\"Organization\",\"@id\":\"https:\/\/www.cercledecompetences.org\/#organization\",\"name\":\"Cercle de comp\u00e9tences\",\"url\":\"https:\/\/www.cercledecompetences.org\/\",\"logo\":{\"@type\":\"ImageObject\",\"inLanguage\":\"fr-FR\",\"@id\":\"https:\/\/www.cercledecompetences.org\/#\/schema\/logo\/image\/\",\"url\":\"https:\/\/www.cercledecompetences.org\/wp-content\/uploads\/2019\/01\/logo-rond.gif\",\"contentUrl\":\"https:\/\/www.cercledecompetences.org\/wp-content\/uploads\/2019\/01\/logo-rond.gif\",\"width\":863,\"height\":1137,\"caption\":\"Cercle de comp\u00e9tences\"},\"image\":{\"@id\":\"https:\/\/www.cercledecompetences.org\/#\/schema\/logo\/image\/\"},\"sameAs\":[\"https:\/\/www.facebook.com\/cercledecompetences.Bretagne.et.Lyon\/\",\"https:\/\/www.linkedin.com\/company\/cercle-de-competences\/\"]}]}<\/script>\n<!-- \/ Yoast SEO plugin. -->","yoast_head_json":{"title":"Prendre en compte les syst\u00e8mes de loyaut\u00e9s en psychotraumatologie - Inscription Individuelle - 2024 - Cercle de comp\u00e9tences","robots":{"index":"index","follow":"follow","max-snippet":"max-snippet:-1","max-image-preview":"max-image-preview:large","max-video-preview":"max-video-preview:-1"},"canonical":"https:\/\/www.cercledecompetences.org\/index.php\/produit\/prendre-en-compte-les-systemes-de-loyautes-en-psychotraumatologie-inscription-individuelle-2024\/","og_locale":"fr_FR","og_type":"article","og_title":"Prendre en compte les syst\u00e8mes de loyaut\u00e9s en psychotraumatologie - Inscription Individuelle - 2024 - Cercle de comp\u00e9tences","og_description":"19, 20 et 21 Septembre 2024 \u2013 Lyon  Jeudi 19 : 9h30 \u2013 18h00 Vendredi 20 : 9h00\u201317h30 Samedi 21 : 9h00\u201316h00  Lieu : Oullins \u2013 Lyon sud  Formatrice : H\u00e9l\u00e8ne Dellucci","og_url":"https:\/\/www.cercledecompetences.org\/index.php\/produit\/prendre-en-compte-les-systemes-de-loyautes-en-psychotraumatologie-inscription-individuelle-2024\/","og_site_name":"Cercle de comp\u00e9tences","article_publisher":"https:\/\/www.facebook.com\/cercledecompetences.Bretagne.et.Lyon\/","article_modified_time":"2023-06-23T06:46:58+00:00","og_image":[{"width":1280,"height":853,"url":"https:\/\/www.cercledecompetences.org\/wp-content\/uploads\/2022\/12\/loyautes-1327191_1280.jpg","type":"image\/jpeg"}],"twitter_card":"summary_large_image","twitter_misc":{"Dur\u00e9e de lecture estim\u00e9e":"1 minute"},"schema":{"@context":"https:\/\/schema.org","@graph":[{"@type":"WebPage","@id":"https:\/\/www.cercledecompetences.org\/index.php\/produit\/prendre-en-compte-les-systemes-de-loyautes-en-psychotraumatologie-inscription-individuelle-2024\/","url":"https:\/\/www.cercledecompetences.org\/index.php\/produit\/prendre-en-compte-les-systemes-de-loyautes-en-psychotraumatologie-inscription-individuelle-2024\/","name":"Prendre en compte les syst\u00e8mes de loyaut\u00e9s en psychotraumatologie - Inscription Individuelle - 2024 - Cercle de comp\u00e9tences","isPartOf":{"@id":"https:\/\/www.cercledecompetences.org\/#website"},"primaryImageOfPage":{"@id":"https:\/\/www.cercledecompetences.org\/index.php\/produit\/prendre-en-compte-les-systemes-de-loyautes-en-psychotraumatologie-inscription-individuelle-2024\/#primaryimage"},"image":{"@id":"https:\/\/www.cercledecompetences.org\/index.php\/produit\/prendre-en-compte-les-systemes-de-loyautes-en-psychotraumatologie-inscription-individuelle-2024\/#primaryimage"},"thumbnailUrl":"https:\/\/www.cercledecompetences.org\/wp-content\/uploads\/2022\/12\/loyautes-1327191_1280.jpg","datePublished":"2023-06-23T06:42:20+00:00","dateModified":"2023-06-23T06:46:58+00:00","breadcrumb":{"@id":"https:\/\/www.cercledecompetences.org\/index.php\/produit\/prendre-en-compte-les-systemes-de-loyautes-en-psychotraumatologie-inscription-individuelle-2024\/#breadcrumb"},"inLanguage":"fr-FR","potentialAction":[{"@type":"ReadAction","target":["https:\/\/www.cercledecompetences.org\/index.php\/produit\/prendre-en-compte-les-systemes-de-loyautes-en-psychotraumatologie-inscription-individuelle-2024\/"]}]},{"@type":"ImageObject","inLanguage":"fr-FR","@id":"https:\/\/www.cercledecompetences.org\/index.php\/produit\/prendre-en-compte-les-systemes-de-loyautes-en-psychotraumatologie-inscription-individuelle-2024\/#primaryimage","url":"https:\/\/www.cercledecompetences.org\/wp-content\/uploads\/2022\/12\/loyautes-1327191_1280.jpg","contentUrl":"https:\/\/www.cercledecompetences.org\/wp-content\/uploads\/2022\/12\/loyautes-1327191_1280.jpg","width":1280,"height":853},{"@type":"BreadcrumbList","@id":"https:\/\/www.cercledecompetences.org\/index.php\/produit\/prendre-en-compte-les-systemes-de-loyautes-en-psychotraumatologie-inscription-individuelle-2024\/#breadcrumb","itemListElement":[{"@type":"ListItem","position":1,"name":"Accueil","item":"https:\/\/www.cercledecompetences.org\/"},{"@type":"ListItem","position":2,"name":"Boutique","item":"https:\/\/www.cercledecompetences.org\/index.php\/boutique\/"},{"@type":"ListItem","position":3,"name":"Prendre en compte les syst\u00e8mes de loyaut\u00e9s en psychotraumatologie &#8211; Inscription Individuelle &#8211; 2024"}]},{"@type":"WebSite","@id":"https:\/\/www.cercledecompetences.org\/#website","url":"https:\/\/www.cercledecompetences.org\/","name":"Cercle de comp\u00e9tences","description":"Organisme de formation associatif","publisher":{"@id":"https:\/\/www.cercledecompetences.org\/#organization"},"potentialAction":[{"@type":"SearchAction","target":{"@type":"EntryPoint","urlTemplate":"https:\/\/www.cercledecompetences.org\/?s={search_term_string}"},"query-input":{"@type":"PropertyValueSpecification","valueRequired":true,"valueName":"search_term_string"}}],"inLanguage":"fr-FR"},{"@type":"Organization","@id":"https:\/\/www.cercledecompetences.org\/#organization","name":"Cercle de comp\u00e9tences","url":"https:\/\/www.cercledecompetences.org\/","logo":{"@type":"ImageObject","inLanguage":"fr-FR","@id":"https:\/\/www.cercledecompetences.org\/#\/schema\/logo\/image\/","url":"https:\/\/www.cercledecompetences.org\/wp-content\/uploads\/2019\/01\/logo-rond.gif","contentUrl":"https:\/\/www.cercledecompetences.org\/wp-content\/uploads\/2019\/01\/logo-rond.gif","width":863,"height":1137,"caption":"Cercle de comp\u00e9tences"},"image":{"@id":"https:\/\/www.cercledecompetences.org\/#\/schema\/logo\/image\/"},"sameAs":["https:\/\/www.facebook.com\/cercledecompetences.Bretagne.et.Lyon\/","https:\/\/www.linkedin.com\/company\/cercle-de-competences\/"]}]}},"_links":{"self":[{"href":"https:\/\/www.cercledecompetences.org\/index.php\/wp-json\/wp\/v2\/product\/7216","targetHints":{"allow":["GET"]}}],"collection":[{"href":"https:\/\/www.cercledecompetences.org\/index.php\/wp-json\/wp\/v2\/product"}],"about":[{"href":"https:\/\/www.cercledecompetences.org\/index.php\/wp-json\/wp\/v2\/types\/product"}],"replies":[{"embeddable":true,"href":"https:\/\/www.cercledecompetences.org\/index.php\/wp-json\/wp\/v2\/comments?post=7216"}],"wp:featuredmedia":[{"embeddable":true,"href":"https:\/\/www.cercledecompetences.org\/index.php\/wp-json\/wp\/v2\/media\/6352"}],"wp:attachment":[{"href":"https:\/\/www.cercledecompetences.org\/index.php\/wp-json\/wp\/v2\/media?parent=7216"}],"wp:term":[{"taxonomy":"product_brand","embeddable":true,"href":"https:\/\/www.cercledecompetences.org\/index.php\/wp-json\/wp\/v2\/product_brand?post=7216"},{"taxonomy":"product_cat","embeddable":true,"href":"https:\/\/www.cercledecompetences.org\/index.php\/wp-json\/wp\/v2\/product_cat?post=7216"},{"taxonomy":"product_tag","embeddable":true,"href":"https:\/\/www.cercledecompetences.org\/index.php\/wp-json\/wp\/v2\/product_tag?post=7216"}],"curies":[{"name":"wp","href":"https:\/\/api.w.org\/{rel}","templated":true}]}}